{"id":1126,"date":"2012-01-06T11:28:23","date_gmt":"2012-01-06T11:28:23","guid":{"rendered":"http:\/\/skolapulsinn.is\/um\/?page_id=1126"},"modified":"2025-07-29T18:37:02","modified_gmt":"2025-07-29T18:37:02","slug":"foreldrakonnun","status":"publish","type":"page","link":"https:\/\/skolapulsinn.is\/um\/?page_id=1126","title":{"rendered":"Foreldrak\u00f6nnun grunnsk\u00f3la"},"content":{"rendered":"<p><!--:IS--><\/p>\n<p>K\u00f6nnunin er ger\u00f0 \u00ed febr\u00faar \u00e1r hvert og er fyrir foreldra\/forsj\u00e1ra\u00f0ila barna \u00e1 \u00f6llum aldursstigum grunnsk\u00f3lans. B\u00fai\u00f0 er til 120 nemenda l\u00edkinda\u00fartak \u00far lista sem sk\u00f3linn sendir inn \u00ed jan\u00faar. \u00cd \u00feeim tilvikum \u00fear sem netf\u00f6ng tveggja foreldra\/forsj\u00e1ra\u00f0ila eru skr\u00e1\u00f0 er hending l\u00e1tin r\u00e1\u00f0a hvor a\u00f0ilinn f\u00e6r k\u00f6nnunina senda fyrst. Ef sv\u00f6r berast ekki fr\u00e1 \u00feeim a\u00f0ila sem fyrst f\u00e6r k\u00f6nnunina senda er k\u00f6nnunin send \u00e1 netfang hins. Eigi foreldrar\/forsj\u00e1ra\u00f0ilar fleiri en eitt barn \u00ed sk\u00f3lanum er einungis svara\u00f0 me\u00f0 eitt \u00ed huga en h\u00e6gt er a\u00f0 koma uppl\u00fdsingum er var\u00f0a hin b\u00f6rnin \u00ed opnum sv\u00f6rum.<\/p>\n<p>Ni\u00f0urst\u00f6\u00f0ur \u00e1 yngsta, mi\u00f0- og unglingastigi eru birtar me\u00f0 samanbur\u00f0i vi\u00f0 landsme\u00f0altal \u00ed byrjun mars svo lengi sem 80% svarhlutfalli hefur veri\u00f0 n\u00e1\u00f0. H\u00e9r fyrir ne\u00f0an eru lei\u00f0beiningar \u00ed fimm skrefum sem l\u00fdsa \u00fev\u00ed hva\u00f0 \u00fearf a\u00f0 gera til a\u00f0 taka \u00fe\u00e1tt \u00ed foreldrak\u00f6nnuninni.<\/p>\n<p>Foreldrak\u00f6nnunin m\u00e6lir 41 \u00fe\u00e1tt \u00ed sex flokkum. Spurningarnar eru 68 talsins. H\u00e6gt er a\u00f0 taka k\u00f6nnunina \u00e1 \u00edslensku, p\u00f3lsku og ensku. Um 10-15 m\u00edn\u00fatur tekur a\u00f0 svara allri k\u00f6nnuninni.<\/p>\n<p><strong>N\u00e1m og kennsla (9 spurningar)<\/strong><br \/>1.1. \u00c1n\u00e6gja foreldra me\u00f0 n\u00e1m og kennslu \u00ed sk\u00f3lanum (6)<br \/>1.2. \u00c1n\u00e6gja foreldra me\u00f0 stj\u00f3rnun sk\u00f3lans (1)<br \/>1.3. H\u00e6fileg \u00feyngd n\u00e1msefnis \u00ed sk\u00f3lanum a\u00f0 mati foreldra (1)<br \/>1.4. H\u00e6filegur agi \u00ed sk\u00f3lanum a\u00f0 mati foreldra (1)<\/p>\n<p><strong>Velfer\u00f0 nemenda (14 spurningar)<\/strong><br \/>2.1. \u00c1n\u00e6gja foreldra me\u00f0 samskipti starfsf\u00f3lks vi\u00f0 nemendur (3)<br \/>2.2. \u00c1n\u00e6gja foreldra me\u00f0 hve vel sk\u00f3linn m\u00e6tir \u00fe\u00f6rfum nemenda (1)<br \/>2.3. L\u00ed\u00f0an nemenda \u00ed sk\u00f3lanum a\u00f0 mati foreldra almennt (1)<br \/>2.4. L\u00ed\u00f0an nemenda \u00ed kennslustundum a\u00f0 mati foreldra almennt (1)<br \/>2.5. L\u00ed\u00f0an nemenda \u00ed fr\u00edm\u00edn\u00fatum a\u00f0 mati foreldra almennt (1)<br \/>2.6. Umfang eineltis \u00ed sk\u00f3lanum a\u00f0 mati foreldra (1)<br \/>2.7. \u00c1n\u00e6gja foreldra me\u00f0 \u00farvinnslu sk\u00f3lans \u00e1 eineltism\u00e1lum (1)<br \/>2.8. \u00c1n\u00e6gja foreldra me\u00f0 hra\u00f0a \u00e1 \u00farvinnslu sk\u00f3lans \u00e1 eineltism\u00e1lum (1)<br \/>2.9. \u00c1n\u00e6gja foreldra me\u00f0 eineltis\u00e1\u00e6tlun sk\u00f3lans (1)<br \/>2.10. Me\u00f0alt\u00edmabil eineltis (1)<br \/>2.11. Sta\u00f0ir innan sk\u00f3lans sem einelti \u00e1 s\u00e9r sta\u00f0 (1)<br \/>2.12 \u00c1lit foreldra \u00e1 snjalls\u00edmanotkun \u00ed grunnsk\u00f3lum (1)<\/p>\n<p><strong>A\u00f0sta\u00f0a og \u00fej\u00f3nusta (17 spurningar)<\/strong><br \/>3.1. \u00c1n\u00e6gja foreldra me\u00f0 a\u00f0st\u00f6\u00f0u \u00ed sk\u00f3lanum (6)<br \/>3.2. \u00c1n\u00e6gja foreldra me\u00f0 t\u00f3mstunda\u00fej\u00f3nustu\/fr\u00edstundaheimili (6)<br \/>3.3. Hlutfall nemenda \u00ed t\u00f3mstunda\u00fej\u00f3nustu\/fr\u00edstundaheimili (1)<br \/>3.4. \u00c1st\u00e6\u00f0ur fyrir \u00fev\u00ed a\u00f0 nemendur n\u00fdta ekki t\u00f3mstunda\u00fej\u00f3nustu (1)<br \/>3.5. \u00c1n\u00e6gja foreldra me\u00f0 m\u00e1lt\u00ed\u00f0ir \u00ed m\u00f6tuneyti (1)<br \/>3.6. Notkun \u00e1 m\u00f6tuneyti (1)<br \/>3.7. \u00c1st\u00e6\u00f0ur \u00feess a\u00f0 nemendur n\u00fdta ekki m\u00f6tuneyti (1)<\/p>\n<p><strong>Foreldrasamstarf (13 spurningar)<\/strong><br \/>4.1. Frumkv\u00e6\u00f0i kennara a\u00f0 foreldrasamstarfi (4)<br \/>4.2. \u00c1hrif foreldra \u00e1 \u00e1kvar\u00f0anir var\u00f0andi nemendur (1)<br \/>4.3. Leita\u00f0 eftir till\u00f6gum fr\u00e1 foreldrum og \u00e1bendingar teknar til greina (2)<br \/>4.4. \u00c1n\u00e6gja me\u00f0 s\u00ed\u00f0asta foreldravi\u00f0tal (1)<br \/>4.5. M\u00e1lefni sem r\u00e6dd voru \u00ed s\u00ed\u00f0asta foreldravi\u00f0tali (1)<br \/>4.6. \u00de\u00e1tttaka foreldra \u00ed ger\u00f0 n\u00e1ms\u00e1\u00e6tlunar me\u00f0 nemandanum (1)<br \/>4.7. Mikilv\u00e6gi \u00feess a\u00f0 gera n\u00e1ms\u00e1\u00e6tlun me\u00f0 nemandanum a\u00f0 mati foreldra (1)<br \/>4.8. \u00c1n\u00e6gja foreldra me\u00f0 heimas\u00ed\u00f0u sk\u00f3lans (1)<br \/>4.9. Foreldrar uppl\u00fdstir um stefnu sk\u00f3lans og n\u00e1mskr\u00e1 (1)<\/p>\n<p><strong>Heimastu\u00f0ningur (11 spurningar)<\/strong><br \/>5.1. Virkni foreldra \u00ed n\u00e1mi barna sinna (5)<br \/>5.2. Vilji nemenda til a\u00f0 leita eftir \u00fe\u00e1ttt\u00f6ku foreldra \u00ed n\u00e1minu (3)<br \/>5.3. H\u00e6fileg heimavinna a\u00f0 mati foreldra (1)<br \/>5.4. T\u00edmi sem foreldrar a\u00f0sto\u00f0a vi\u00f0 heiman\u00e1m (1)<br \/>5.5. V\u00e6ntingar foreldra um menntunarstig barns s\u00edns (1)<\/p>\n<p><strong>Opin Sv\u00f6r (4 spurningar)<\/strong><br \/>6.1. L\u00fdstu \u00fev\u00ed hva\u00f0 \u00fe\u00e9r \u00feykir\u00a0gott\u00a0vi\u00f0 sk\u00f3lann \u00feinn (1)<br \/>6.2. L\u00fdstu \u00fev\u00ed hva\u00f0 \u00fe\u00e9r \u00feykir a\u00f0\u00a0megi betur fara\u00a0\u00ed sk\u00f3lanum (1)<br \/>6.3. Athugasemdir vi\u00f0 heimas\u00ed\u00f0u sk\u00f3lans (1)<br \/>6.4 Athugasemdir var\u00f0andi snjalls\u00edmanotkun barna \u00ed sk\u00f3lanum (1)<\/p>\n<p>\u00a0<\/p>\n<p><strong>1. Tilkynning um fyrirhuga\u00f0a k\u00f6nnun<\/strong><\/p>\n<p>\u00c1\u00f0ur en foreldrak\u00f6nnun fer fram \u00fearf tengili\u00f0ur Sk\u00f3lap\u00falsins a\u00f0 tilkynna \u00f6llum foreldrum um fyrirhuga\u00f0a k\u00f6nnun. M\u00e6lst er til a\u00f0 \u00feeir foreldrar sem ekki vilja lenda \u00ed \u00fartaki foreldrak\u00f6nnunarinnar f\u00e1i viku til a\u00f0 hafna \u00fe\u00e1ttt\u00f6ku. Tilkynningin fer fram \u00ed t\u00f6lvup\u00f3sti me\u00f0 st\u00f6\u00f0lu\u00f0u foreldrabr\u00e9fi sem finna m\u00e1 h\u00e9r fyrir ne\u00f0an. A\u00f0 \u00feessu loknu er foreldralisti sk\u00f3lans sendur inn \u00ed Sk\u00f3lap\u00falsinn.<\/p>\n<p><a href=\"https:\/\/skolapulsinn.is\/um\/wp-content\/uploads\/2023\/01\/Upplysingabref-foreldrakonnunar-grunnskola-2023-1-1.pdf\">Uppl\u00fdsingabr\u00e9f foreldrak\u00f6nnunar<\/a> (pdf)<\/p>\n<p><a href=\"https:\/\/skolapulsinn.is\/um\/wp-content\/uploads\/2023\/01\/Upplysingabref-foreldrakonnunar-grunnskola-2023-1-1.docx\">Uppl\u00fdsingabr\u00e9f foreldrak\u00f6nnunar<\/a> (word)<\/p>\n<p><a href=\"https:\/\/skolapulsinn.is\/um\/wp-content\/uploads\/2024\/01\/Parent_surv_info_letter_parents_english_2023.pdf\">Uppl\u00fdsingabr\u00e9f foreldrak\u00f6nnunar<\/a> (pdf, ENSKA)<\/p>\n<p><a href=\"https:\/\/skolapulsinn.is\/um\/wp-content\/uploads\/2024\/01\/Parent_surv_info_letter_parents_english_2023.docx\">Uppl\u00fdsingabr\u00e9f foreldrak\u00f6nnunar<\/a> (word, ENSKA)<\/p>\n<p><a href=\"https:\/\/skolapulsinn.is\/um\/wp-content\/uploads\/2024\/01\/Foreldrabref_parentsurvey_grunnskoli_POL_2023.pdf\">Uppl\u00fdsingabr\u00e9f foreldrak\u00f6nnunar<\/a> (pdf, P\u00d3LSKA)<\/p>\n<p><a href=\"https:\/\/skolapulsinn.is\/um\/wp-content\/uploads\/2024\/01\/Foreldrabref_parentsurvey_grunnskoli_POL_2023.doc\">Uppl\u00fdsingabr\u00e9f foreldrak\u00f6nnunar<\/a> (word, P\u00d3LSKA)<\/p>\n<p>\u00a0<\/p>\n<p>\u00a0<\/p>\n<p><strong>2. Innsending foreldralista<\/strong><\/p>\n<p>\u00de\u00e1tttaka sk\u00f3lans \u00ed k\u00f6nnuninni er sta\u00f0fest me\u00f0 innsendingu \u00e1 lista yfir foreldra sem eiga a\u00f0 taka \u00fe\u00e1tt. Listinn \u00e1 a\u00f0 vera \u00ed einu Excel skjali \u00e1n au\u00f0ra ra\u00f0a. Excelskjali\u00f0 \u00e1 a\u00f0 innihalda <strong>9\u00a0samliggjandi d\u00e1lka<\/strong>\u00a0me\u00f0 eftirfarandi titlum og \u00ed eftirfarandi r\u00f6\u00f0:<\/p>\n<p><em>Nemandi Nafn, Nemandi Bekkur, Nemandi Kyn*, Forsj\u00e1ra\u00f0ili 1 Nafn, Forsj\u00e1ra\u00f0ili 1 Gsm, Forsj\u00e1ra\u00f0ili 1 Netfang, Forsj\u00e1ra\u00f0ili 2 Nafn, Forsj\u00e1ra\u00f0ili 2 Gsm, Forsj\u00e1ra\u00f0ili 2 Netfang <\/em>(sj\u00e1 mynd 1)<em>.<\/em><\/p>\n<div id=\"attachment_3217\" style=\"width: 690px\" class=\"wp-caption alignleft\"><a href=\"https:\/\/skolapulsinn.is\/um\/wp-content\/uploads\/2021\/01\/demo_foreldrar.xlsx\"><img loading=\"lazy\" decoding=\"async\" aria-describedby=\"caption-attachment-3217\" class=\"wp-image-3217\" src=\"https:\/\/skolapulsinn.is\/um\/wp-content\/uploads\/2021\/01\/demolist_gru_for-1024x97.jpg\" alt=\"\" width=\"680\" height=\"64\" srcset=\"https:\/\/skolapulsinn.is\/um\/wp-content\/uploads\/2021\/01\/demolist_gru_for-1024x97.jpg 1024w, https:\/\/skolapulsinn.is\/um\/wp-content\/uploads\/2021\/01\/demolist_gru_for-300x28.jpg 300w, https:\/\/skolapulsinn.is\/um\/wp-content\/uploads\/2021\/01\/demolist_gru_for-768x73.jpg 768w, https:\/\/skolapulsinn.is\/um\/wp-content\/uploads\/2021\/01\/demolist_gru_for.jpg 1789w\" sizes=\"auto, (max-width: 680px) 100vw, 680px\" \/><\/a><p id=\"caption-attachment-3217\" class=\"wp-caption-text\">Mynd 1. D\u00e6mi um \u00fe\u00e1tttakendalista.<\/p><\/div>\n<p>*ef kyn nemanda er kynsegin\/anna\u00f0 m\u00e1 skila au\u00f0ri skr\u00e1ningu \u00fear sem kerfi\u00f0 vistar einungis au\u00f0a skr\u00e1ningu \u00ed \u00feeim tilfellum til a\u00f0 tryggja nafnleynd svara.<\/p>\n<p>K\u00f6nnunin er send \u00fat \u00ed t\u00f6lvup\u00f3sti og \u00e1minningar eru sendar \u00ed t\u00f6lvup\u00f3sti og s\u00edmlei\u00f0is. \u00dev\u00ed skal ekki setja nafn foreldris \u00e1 listann ef sk\u00f3linn hefur ekki uppl\u00fdsingar um t\u00f6lvup\u00f3stfang \u00feess. Ef foreldri vill ekki f\u00e1 \u00e1minningu \u00ed SMS skilabo\u00f0um skal s\u00edman\u00fameri\u00f0 fjarl\u00e6gt af listanum.<\/p>\n<p>Til a\u00f0 senda inn listann skr\u00e1ir tengili\u00f0ur e\u00f0a sk\u00f3lastj\u00f3ri sig fyrst inn \u00e1 sitt vefsv\u00e6\u00f0i \u00e1 s\u00ed\u00f0unni <span style=\"text-decoration: underline;\">skolapulsinn.is<\/span>. Efst \u00e1 vefsv\u00e6\u00f0inu er listi yfir \u00fe\u00e6r kannanir sem vi\u00f0komandi sk\u00f3li er skr\u00e1\u00f0ur \u00ed. Smellt er \u00e1 vi\u00f0eigandi foreldrak\u00f6nnun.<\/p>\n<p>\u00c1 fyrstu s\u00ed\u00f0u k\u00f6nnunarinnar er Excel skjalinu hla\u00f0i\u00f0 upp og smellt \u00e1 hnappinn <em>Skref 1: Forsko\u00f0a lista<\/em> (sj\u00e1 mynd 2). <a href=\"https:\/\/skolapulsinn.is\/um\/wp-content\/uploads\/2021\/01\/demo_foreldrar.xlsx\">Einnig er h\u00e6gt a\u00f0 hla\u00f0a ni\u00f0ur t\u00f6flureiknisskjali sem nota m\u00e1 sem sni\u00f0m\u00e1t til innsendingar.<\/a><\/p>\n<div id=\"attachment_3028\" style=\"width: 690px\" class=\"wp-caption alignnone\"><a href=\"https:\/\/skolapulsinn.is\/um\/wp-content\/uploads\/2020\/08\/step1.png\"><img loading=\"lazy\" decoding=\"async\" aria-describedby=\"caption-attachment-3028\" class=\"wp-image-3028\" src=\"https:\/\/skolapulsinn.is\/um\/wp-content\/uploads\/2020\/08\/step1.png\" alt=\"\" width=\"680\" height=\"296\" srcset=\"https:\/\/skolapulsinn.is\/um\/wp-content\/uploads\/2020\/08\/step1.png 1002w, https:\/\/skolapulsinn.is\/um\/wp-content\/uploads\/2020\/08\/step1-300x131.png 300w, https:\/\/skolapulsinn.is\/um\/wp-content\/uploads\/2020\/08\/step1-768x334.png 768w\" sizes=\"auto, (max-width: 680px) 100vw, 680px\" \/><\/a><p id=\"caption-attachment-3028\" class=\"wp-caption-text\">Mynd 2. Listi sendur inn til forsko\u00f0unar.<\/p><\/div>\n<p>Kerfi\u00f0 s\u00fdnir \u00fe\u00e1 m\u00f6gulegar villur og athugasemdir vi\u00f0 listann (sj\u00e1 mynd 3). Ef villur koma upp \u00fearf a\u00f0 lei\u00f0r\u00e9tta Excel skjali\u00f0 og hla\u00f0a \u00fev\u00ed upp aftur.<\/p>\n<div id=\"attachment_3219\" style=\"width: 690px\" class=\"wp-caption alignleft\"><img loading=\"lazy\" decoding=\"async\" aria-describedby=\"caption-attachment-3219\" class=\"wp-image-3219\" src=\"https:\/\/skolapulsinn.is\/um\/wp-content\/uploads\/2021\/01\/forskoda_gru_for-1024x426.jpg\" alt=\"\" width=\"680\" height=\"283\" srcset=\"https:\/\/skolapulsinn.is\/um\/wp-content\/uploads\/2021\/01\/forskoda_gru_for-1024x426.jpg 1024w, https:\/\/skolapulsinn.is\/um\/wp-content\/uploads\/2021\/01\/forskoda_gru_for-300x125.jpg 300w, https:\/\/skolapulsinn.is\/um\/wp-content\/uploads\/2021\/01\/forskoda_gru_for-768x320.jpg 768w, https:\/\/skolapulsinn.is\/um\/wp-content\/uploads\/2021\/01\/forskoda_gru_for.jpg 1520w\" sizes=\"auto, (max-width: 680px) 100vw, 680px\" \/><p id=\"caption-attachment-3219\" class=\"wp-caption-text\">Mynd 3. Villur \u00ed forsko\u00f0un.<\/p><\/div>\n<p>\u00cd hvert skipti sem n\u00fdr listi er sendur inn er hann forsko\u00f0a\u00f0ur. \u00deegar engar villur e\u00f0a athugasemdir koma upp er listann sendur inn me\u00f0 \u00fev\u00ed a\u00f0 smella \u00e1 hnappinn <em>Skref 2: Senda lista<\/em> (sj\u00e1 mynd 4).<\/p>\n<div id=\"attachment_3176\" style=\"width: 690px\" class=\"wp-caption alignnone\"><a href=\"https:\/\/skolapulsinn.is\/um\/wp-content\/uploads\/2021\/01\/villulaus_skref2.jpg\"><img loading=\"lazy\" decoding=\"async\" aria-describedby=\"caption-attachment-3176\" class=\"wp-image-3176\" src=\"https:\/\/skolapulsinn.is\/um\/wp-content\/uploads\/2021\/01\/villulaus_skref2.jpg\" alt=\"\" width=\"680\" height=\"289\" srcset=\"https:\/\/skolapulsinn.is\/um\/wp-content\/uploads\/2021\/01\/villulaus_skref2.jpg 867w, https:\/\/skolapulsinn.is\/um\/wp-content\/uploads\/2021\/01\/villulaus_skref2-300x128.jpg 300w, https:\/\/skolapulsinn.is\/um\/wp-content\/uploads\/2021\/01\/villulaus_skref2-768x327.jpg 768w\" sizes=\"auto, (max-width: 680px) 100vw, 680px\" \/><\/a><p id=\"caption-attachment-3176\" class=\"wp-caption-text\">Mynd 4. Listi sendur inn eftir a\u00f0 hafa sta\u00f0ist \u00f6ll villupr\u00f3f.<\/p><\/div>\n<p>Ef einhverjar spurningar vakna ekki hika vi\u00f0 a\u00f0 hringja \u00ed s\u00edma 5830700 e\u00f0a senda t\u00f6lvup\u00f3st \u00e1 skolapulsinn@skolapulsinn.is.<\/p>\n<p><strong>3. Bo\u00f0sbr\u00e9f og \u00e1minningar<\/strong><\/p>\n<p>\u00cd upphafi er sent \u00fat bo\u00f0sbr\u00e9f til forr\u00e1\u00f0amanns 1 og honum\/henni gert m\u00f6gulegt a\u00f0 svara \u00ed um 10 daga. Forr\u00e1\u00f0ama\u00f0ur 1 f\u00e6r a\u00f0 auki eina SMS \u00e1minningu, annan t\u00f6lvup\u00f3st, raddskilabo\u00f0 og loka\u00e1minningu \u00e1 \u00feessu 10 daga t\u00edmabili (1 sms, ein raddskilabo\u00f0 og 3 t\u00f6lvup\u00f3star alls). A\u00f0 10 d\u00f6gum loknum er a\u00f0gangi forr\u00e1\u00f0amanns 1 loka\u00f0 og n\u00fdtt bo\u00f0sbr\u00e9f sent \u00e1 forr\u00e1\u00f0amann 2 hj\u00e1 \u00feeim heimilum sem enn eiga eftir a\u00f0 svara og honum\/henni gert m\u00f6gulegt a\u00f0 svara til loka m\u00e1na\u00f0arins. Forr\u00e1\u00f0ama\u00f0ur 2 f\u00e6r a\u00f0 auki eina SMS \u00e1minningu, annan t\u00f6lvup\u00f3st, raddskilabo\u00f0 og loka\u00e1minningu \u00e1 10 daga t\u00edmabili (1 sms, ein raddskilabo\u00f0 og 3 t\u00f6lvup\u00f3star alls). \u00cd lokat\u00f6lvup\u00f3sti til forr\u00e1\u00f0amanns 2 er honum\/henni tilkynnt um a\u00f0 s\u00edmaeftirfylgni hefjist og standi til loka m\u00e1na\u00f0arins (u.\u00fe.b. 10 daga).<\/p>\n<p><strong>4. S\u00edmaeftirfylgni<\/strong><\/p>\n<p>\u00c1 vefsv\u00e6\u00f0i sk\u00f3lans er h\u00e6gt a\u00f0 fylgjast me\u00f0 svarhlutfalli k\u00f6nnunarinnar. Uppl\u00fdsingar um \u00fe\u00e1 foreldra sem svara\u00f0 hafa k\u00f6nnuninni hverfa jafn\u00f3\u00f0um og \u00feeir byrja a\u00f0 svara. H\u00e6gt er a\u00f0 hringja \u00ed \u00fe\u00e1 sem eiga eftir a\u00f0 svara og minna \u00fe\u00e1 \u00e1 og senda \u00feeim k\u00f6nnunina aftur \u00ed t\u00f6lvup\u00f3sti. M\u00e6lt er me\u00f0 \u00fev\u00ed a\u00f0 byrja \u00e1 s\u00edmaeftirfylgni um mi\u00f0jan m\u00e1nu\u00f0inn og lj\u00faka henni 3 d\u00f6gum fyrir m\u00e1na\u00f0arm\u00f3t. <strong>\u00c6skilegt er a\u00f0 n\u00e1 \u00a080% svarhlutfalli,\u00a0<\/strong><strong>ni\u00f0urst\u00f6\u00f0ur eru ekki birtar ef svarhlutfall er l\u00e6gra en 60%. <\/strong>M\u00f6guleiki er \u00e1 s\u00edmaeftirfylgni \u00far s\u00edmaveri Sk\u00f3lap\u00falsins en s\u00fa \u00fej\u00f3nusta er ekki innifalin \u00ed grunngjaldi.<\/p>\n<p><strong>5. Pers\u00f3nuuppl\u00fdsingar<\/strong><\/p>\n<p>Vinnsla k\u00f6nnunarinnar uppfyllir skilyr\u00f0i laga nr. 90\/2018 um pers\u00f3nuvernd og vinnslu pers\u00f3nuppl\u00fdsinga og er \u00ed samr\u00e6mi vi\u00f0 GDPR regluger\u00f0 Evr\u00f3pu\u00feingsins. Fj\u00f3rar lei\u00f0ir hafa veri\u00f0 \u00fer\u00f3a\u00f0ar \u00ed \u00fev\u00ed skyni:<\/p>\n<p>\u2713 \u00d6llum pers\u00f3nuuppl\u00fdsingum er eytt \u00e1\u00f0ur en sv\u00f6run hefst \u00ed nemendak\u00f6nnun 6.-10. bekkjar<br \/>\u2713 Allar skeytasendingar eru dulk\u00f3\u00f0a\u00f0ar (https:) sem dregur \u00far l\u00edkum \u00e1 \u00fev\u00ed a\u00f0 h\u00e6gt s\u00e9 a\u00f0 hlera<br \/>sv\u00f6run um lei\u00f0 og h\u00fan \u00e1 s\u00e9r sta\u00f0.<br \/>\u2713 Opin sv\u00f6r eru vistu\u00f0 a\u00f0skilin fr\u00e1 \u00f6\u00f0rum sv\u00f6rum k\u00f6nnunarinnar sem kemur \u00ed veg fyrir a\u00f0<br \/>uppl\u00fdsingar sem koma fram \u00ed opnu svari geti \u00e1 nokkurn h\u00e1tt veri\u00f0 tengdar sv\u00f6rum vi\u00f0<br \/>fj\u00f6lvalsspurningum \u00ed k\u00f6nnuninni.<br \/>\u2713 Notkun \u00e1 vefk\u00f6kum er takm\u00f6rku\u00f0, sj\u00e1 n\u00e1nar \u00e1 www.visar.is undir Pers\u00f3nuverndarstefna.<\/p>\n<p>V\u00edsar ranns\u00f3knir, sem s\u00e9r um framkv\u00e6md k\u00f6nnunarinnar, er me\u00f0limur ESOMAR, al\u00fej\u00f3\u00f0asamtaka ranns\u00f3knafyrirt\u00e6kja og vinna samkv\u00e6mt si\u00f0areglum \u00feeirra. N\u00e1nari uppl\u00fdsingar um \u00f6ryggisr\u00e1\u00f0stafanir m\u00e1 finna \u00ed pers\u00f3nuverndarstefnu \u00e1 www.visar.is. H\u00e6gt er a\u00f0 n\u00e1lgast frekari uppl\u00fdsingar um t\u00e6knilegar og skipulagslegar \u00f6ryggisr\u00e1\u00f0stafanir me\u00f0 \u00fev\u00ed a\u00f0 senda p\u00f3st \u00e1 personuvernd@visar.is.<\/p>\n<p><!--:--><\/p>\n\n\n<p><\/p>\n","protected":false},"excerpt":{"rendered":"<p>K\u00f6nnunin er ger\u00f0 \u00ed febr\u00faar \u00e1r hvert og er fyrir foreldra\/forsj\u00e1ra\u00f0ila barna \u00e1 \u00f6llum aldursstigum grunnsk\u00f3lans. B\u00fai\u00f0 er til 120 nemenda l\u00edkinda\u00fartak \u00far lista sem sk\u00f3linn sendir inn \u00ed jan\u00faar. \u00cd \u00feeim tilvikum \u00fear sem netf\u00f6ng tveggja foreldra\/forsj\u00e1ra\u00f0ila eru skr\u00e1\u00f0 <span class=\"readmore\"><a href=\"https:\/\/skolapulsinn.is\/um\/?page_id=1126\">Lesa meira<\/a><\/span><\/p>\n","protected":false},"author":1,"featured_media":0,"parent":29,"menu_order":-1,"comment_status":"closed","ping_status":"closed","template":"","meta":{"footnotes":""},"class_list":["post-1126","page","type-page","status-publish","hentry"],"_links":{"self":[{"href":"https:\/\/skolapulsinn.is\/um\/index.php?rest_route=\/wp\/v2\/pages\/1126","targetHints":{"allow":["GET"]}}],"collection":[{"href":"https:\/\/skolapulsinn.is\/um\/index.php?rest_route=\/wp\/v2\/pages"}],"about":[{"href":"https:\/\/skolapulsinn.is\/um\/index.php?rest_route=\/wp\/v2\/types\/page"}],"author":[{"embeddable":true,"href":"https:\/\/skolapulsinn.is\/um\/index.php?rest_route=\/wp\/v2\/users\/1"}],"replies":[{"embeddable":true,"href":"https:\/\/skolapulsinn.is\/um\/index.php?rest_route=%2Fwp%2Fv2%2Fcomments&post=1126"}],"version-history":[{"count":106,"href":"https:\/\/skolapulsinn.is\/um\/index.php?rest_route=\/wp\/v2\/pages\/1126\/revisions"}],"predecessor-version":[{"id":4139,"href":"https:\/\/skolapulsinn.is\/um\/index.php?rest_route=\/wp\/v2\/pages\/1126\/revisions\/4139"}],"up":[{"embeddable":true,"href":"https:\/\/skolapulsinn.is\/um\/index.php?rest_route=\/wp\/v2\/pages\/29"}],"wp:attachment":[{"href":"https:\/\/skolapulsinn.is\/um\/index.php?rest_route=%2Fwp%2Fv2%2Fmedia&parent=1126"}],"curies":[{"name":"wp","href":"https:\/\/api.w.org\/{rel}","templated":true}]}}