{"id":1439,"date":"2013-01-18T14:15:49","date_gmt":"2013-01-18T14:15:49","guid":{"rendered":"http:\/\/skolapulsinn.com\/um\/?page_id=1439"},"modified":"2025-07-28T17:14:56","modified_gmt":"2025-07-28T17:14:56","slug":"adferdafraedi-foreldrakonnunar","status":"publish","type":"page","link":"https:\/\/skolapulsinn.is\/um\/?page_id=1439","title":{"rendered":"A\u00f0fer\u00f0afr\u00e6\u00f0i foreldrak\u00f6nnunar"},"content":{"rendered":"<p>Hvert barn \u00ed sk\u00f3lanum \u00e1 einn e\u00f0a tvo foreldra\/forsj\u00e1ra\u00f0ila sem skr\u00e1\u00f0ir eru me\u00f0 netf\u00f6ng og s\u00edman\u00famer hj\u00e1 sk\u00f3lanum. B\u00fai\u00f0 er til lagskipt l\u00edkinda\u00fartak 120 nemenda \u00fear sem gengi\u00f0 er \u00far skugga um a\u00f0 nemendur af \u00f6llum aldursstigum og\u00a0 b\u00e1\u00f0um kynjum eigi fulltr\u00faa. Jafnframt er gengi\u00f0 \u00far skugga um a\u00f0 systkini s\u00e9u ekki \u00ed \u00fartakinu. \u00deegar \u00feessu er loki\u00f0 eru b\u00fanir til 120-240 \u00fe\u00e1ttt\u00f6kuk\u00f3\u00f0ar fyrir foreldra allra barna \u00ed \u00fartakinu. Einn spurningalisti fylgir hverju barni \u00ed \u00fartakinu. \u00de\u00e1ttt\u00f6kuk\u00f3\u00f0i einst\u00e6\u00f0ra foreldra gefur a\u00f0gang a\u00f0 spurningalistanum \u00ed heild sinni. \u00cd upphafi er sent \u00fat bo\u00f0sbr\u00e9f til forr\u00e1\u00f0amanns 1 og honum\/henni gert m\u00f6gulegt a\u00f0 svara \u00ed um 10 daga. Forr\u00e1\u00f0ama\u00f0ur 1 f\u00e6r a\u00f0 auki eina SMS \u00e1minningu, annan t\u00f6lvup\u00f3st, raddskilabo\u00f0 og loka\u00e1minningu \u00e1 \u00feessu 10 daga t\u00edmabili (1 sms, ein raddskilabo\u00f0 og 3 t\u00f6lvup\u00f3star alls). A\u00f0 10 d\u00f6gum loknum er a\u00f0gangi forr\u00e1\u00f0amanns 1 loka\u00f0 og n\u00fdtt bo\u00f0sbr\u00e9f sent \u00e1 forr\u00e1\u00f0amann 2 hj\u00e1 \u00feeim heimilum sem enn eiga eftir a\u00f0 svara og honum\/henni gert m\u00f6gulegt a\u00f0 svara til loka m\u00e1na\u00f0arins. Forr\u00e1\u00f0ama\u00f0ur 2 f\u00e6r a\u00f0 auki eina SMS \u00e1minningu, annan t\u00f6lvup\u00f3st, raddskilabo\u00f0 og loka\u00e1minningu \u00e1 10 daga t\u00edmabili (1 sms, ein raddskilabo\u00f0 og 3 t\u00f6lvup\u00f3star alls). \u00cd lokat\u00f6lvup\u00f3sti til forr\u00e1\u00f0amanns 2 er honum\/henni tilkynnt um a\u00f0 s\u00edmaeftirfylgni hefjist og standi til loka m\u00e1na\u00f0arins (u.\u00fe.b. 10 daga).<\/p>\n<p>Ef einungis anna\u00f0 foreldri barns s\u00e9r um samskipti vi\u00f0 sk\u00f3lann<strong>\u00a0\u00e1 a\u00f0 fjarl\u00e6gja nafn \u00f3virka foreldrisins \u00far listanum<\/strong>. \u00dear me\u00f0 f\u00e6r \u00fea\u00f0 foreldri sem s\u00e9r um samskipti vi\u00f0 sk\u00f3lann allan spurningalistann.<\/p>\n<p><span style=\"text-decoration: underline;\">\u00cd t\u00f6lvup\u00f3sti til beggja foreldra er sk\u00fdrt teki\u00f0 fram a\u00f0 \u00f6\u00f0ru foreldrinu e\u00f0a b\u00e1\u00f0um \u00ed sameiningu s\u00e9 frj\u00e1lst a\u00f0 svara b\u00e1\u00f0um hlutum<\/span> ef \u00feannig stendur \u00e1. \u00cd t\u00f6lvup\u00f3stinum er teki\u00f0 fram kyn og bekkur barnsins sem um r\u00e6\u00f0ir og foreldrarnir eru be\u00f0nir a\u00f0 hafa \u00fea\u00f0 barn \u00ed huga \u00feegar \u00feeir svara spurningalistanum.<\/p>\n","protected":false},"excerpt":{"rendered":"<p>Hvert barn \u00ed sk\u00f3lanum \u00e1 einn e\u00f0a tvo foreldra\/forsj\u00e1ra\u00f0ila sem skr\u00e1\u00f0ir eru me\u00f0 netf\u00f6ng og s\u00edman\u00famer hj\u00e1 sk\u00f3lanum. B\u00fai\u00f0 er til lagskipt l\u00edkinda\u00fartak 120 nemenda \u00fear sem gengi\u00f0 er \u00far skugga um a\u00f0 nemendur af \u00f6llum aldursstigum og\u00a0 b\u00e1\u00f0um kynjum <span class=\"readmore\"><a href=\"https:\/\/skolapulsinn.is\/um\/?page_id=1439\">Lesa meira<\/a><\/span><\/p>\n","protected":false},"author":2,"featured_media":0,"parent":1126,"menu_order":0,"comment_status":"closed","ping_status":"open","template":"","meta":{"footnotes":""},"class_list":["post-1439","page","type-page","status-publish","hentry"],"_links":{"self":[{"href":"https:\/\/skolapulsinn.is\/um\/index.php?rest_route=\/wp\/v2\/pages\/1439","targetHints":{"allow":["GET"]}}],"collection":[{"href":"https:\/\/skolapulsinn.is\/um\/index.php?rest_route=\/wp\/v2\/pages"}],"about":[{"href":"https:\/\/skolapulsinn.is\/um\/index.php?rest_route=\/wp\/v2\/types\/page"}],"author":[{"embeddable":true,"href":"https:\/\/skolapulsinn.is\/um\/index.php?rest_route=\/wp\/v2\/users\/2"}],"replies":[{"embeddable":true,"href":"https:\/\/skolapulsinn.is\/um\/index.php?rest_route=%2Fwp%2Fv2%2Fcomments&post=1439"}],"version-history":[{"count":5,"href":"https:\/\/skolapulsinn.is\/um\/index.php?rest_route=\/wp\/v2\/pages\/1439\/revisions"}],"predecessor-version":[{"id":3236,"href":"https:\/\/skolapulsinn.is\/um\/index.php?rest_route=\/wp\/v2\/pages\/1439\/revisions\/3236"}],"up":[{"embeddable":true,"href":"https:\/\/skolapulsinn.is\/um\/index.php?rest_route=\/wp\/v2\/pages\/1126"}],"wp:attachment":[{"href":"https:\/\/skolapulsinn.is\/um\/index.php?rest_route=%2Fwp%2Fv2%2Fmedia&parent=1439"}],"curies":[{"name":"wp","href":"https:\/\/api.w.org\/{rel}","templated":true}]}}