{"id":1495,"date":"2013-06-10T09:21:27","date_gmt":"2013-06-10T09:21:27","guid":{"rendered":"http:\/\/skolapulsinn.com\/um\/?page_id=1495"},"modified":"2025-07-28T17:14:56","modified_gmt":"2025-07-28T17:14:56","slug":"leikskolar","status":"publish","type":"page","link":"https:\/\/skolapulsinn.is\/um\/?page_id=1495","title":{"rendered":"Leiksk\u00f3lar"},"content":{"rendered":"<p>Sk\u00f3lap\u00falsinn er me\u00f0 \u00ferj\u00e1r ger\u00f0ir samr\u00e6mdra kannana \u00ed \u00fer\u00f3un fyrir <a href=\"https:\/\/skolapulsinn.is\/um\/?page_id=3361\">b\u00f6rn<\/a>, <a title=\"Starfsmannak\u00f6nnun\" href=\"http:\/\/skolapulsinn.is\/um\/?page_id=1506\">starfsf\u00f3lk <\/a>og <a title=\"Foreldrak\u00f6nnun\" href=\"http:\/\/skolapulsinn.is\/um\/?page_id=1508\">foreldra <\/a>\u00ed leiksk\u00f3lum.<\/p>\n","protected":false},"excerpt":{"rendered":"<p>Sk\u00f3lap\u00falsinn er me\u00f0 \u00ferj\u00e1r ger\u00f0ir samr\u00e6mdra kannana \u00ed \u00fer\u00f3un fyrir b\u00f6rn, starfsf\u00f3lk og foreldra \u00ed leiksk\u00f3lum.<\/p>\n","protected":false},"author":2,"featured_media":0,"parent":0,"menu_order":0,"comment_status":"closed","ping_status":"open","template":"","meta":{"footnotes":""},"class_list":["post-1495","page","type-page","status-publish","hentry"],"_links":{"self":[{"href":"https:\/\/skolapulsinn.is\/um\/index.php?rest_route=\/wp\/v2\/pages\/1495","targetHints":{"allow":["GET"]}}],"collection":[{"href":"https:\/\/skolapulsinn.is\/um\/index.php?rest_route=\/wp\/v2\/pages"}],"about":[{"href":"https:\/\/skolapulsinn.is\/um\/index.php?rest_route=\/wp\/v2\/types\/page"}],"author":[{"embeddable":true,"href":"https:\/\/skolapulsinn.is\/um\/index.php?rest_route=\/wp\/v2\/users\/2"}],"replies":[{"embeddable":true,"href":"https:\/\/skolapulsinn.is\/um\/index.php?rest_route=%2Fwp%2Fv2%2Fcomments&post=1495"}],"version-history":[{"count":5,"href":"https:\/\/skolapulsinn.is\/um\/index.php?rest_route=\/wp\/v2\/pages\/1495\/revisions"}],"predecessor-version":[{"id":3371,"href":"https:\/\/skolapulsinn.is\/um\/index.php?rest_route=\/wp\/v2\/pages\/1495\/revisions\/3371"}],"wp:attachment":[{"href":"https:\/\/skolapulsinn.is\/um\/index.php?rest_route=%2Fwp%2Fv2%2Fmedia&parent=1495"}],"curies":[{"name":"wp","href":"https:\/\/api.w.org\/{rel}","templated":true}]}}