{"id":1508,"date":"2013-07-09T10:53:40","date_gmt":"2013-07-09T10:53:40","guid":{"rendered":"http:\/\/skolapulsinn.com\/um\/?page_id=1508"},"modified":"2025-07-29T18:36:03","modified_gmt":"2025-07-29T18:36:03","slug":"foreldrakonnun","status":"publish","type":"page","link":"https:\/\/skolapulsinn.is\/um\/?page_id=1508","title":{"rendered":"Foreldrak\u00f6nnun leiksk\u00f3la"},"content":{"rendered":"<p>K\u00f6nnunin er ger\u00f0 \u00ed <strong>febr\u00faar<\/strong> \u00e1r hvert. Leiksk\u00f3linn sendir inn netfangalista foreldra\/forsj\u00e1ra\u00f0ila fyrir k\u00f6nnunina (sj\u00e1 lei\u00f0beiningar \u00ed skrefi 2 h\u00e9r ne\u00f0ar \u00e1 s\u00ed\u00f0unni). K\u00f6nnunin er l\u00f6g\u00f0 fyrir alla foreldra\/forsj\u00e1ra\u00f0ila barna \u00e1 deildum leiksk\u00f3lans. B\u00fanir eru til \u00fe\u00e1ttt\u00f6kuk\u00f3\u00f0ar \u00far lista sem sk\u00f3linn sendir inn \u00ed kerfi\u00f0 \u00ed jan\u00faar. \u00cd \u00feeim tilvikum \u00fear sem netf\u00f6ng tveggja foreldra\/forsj\u00e1ra\u00f0ila eru skr\u00e1\u00f0 er hending l\u00e1tin r\u00e1\u00f0a hvor a\u00f0ilinn f\u00e6r k\u00f6nnunina senda fyrst. Ef sv\u00f6r berast ekki fr\u00e1 \u00feeim a\u00f0ila sem fyrst f\u00e6r k\u00f6nnunina senda er k\u00f6nnunin send \u00e1 netfang hins. Eigi foreldrar\/forsj\u00e1ra\u00f0ilar fleiri en eitt barn \u00ed leiksk\u00f3lanum er einungis svara\u00f0 me\u00f0 eitt \u00ed huga en h\u00e6gt er a\u00f0 koma uppl\u00fdsingum er var\u00f0a hin b\u00f6rnin \u00ed opnum sv\u00f6rum.<\/p>\n<p>Ni\u00f0urst\u00f6\u00f0ur hvers aldursh\u00f3ps eru birtar me\u00f0 samanbur\u00f0i vi\u00f0 landsme\u00f0altal \u00ed byrjun apr\u00edl svo lengi sem 80% svarhlutfalli hefur veri\u00f0 n\u00e1\u00f0. Ne\u00f0ar \u00e1 s\u00ed\u00f0unni eru lei\u00f0beiningar \u00ed 5 skrefum sem l\u00fdsa \u00fev\u00ed hva\u00f0 \u00fearf a\u00f0 gera til a\u00f0 taka \u00fe\u00e1tt \u00ed foreldrak\u00f6nnuninni.<\/p>\n<p><strong>Innihald k\u00f6nnunar<\/strong><\/p>\n<p>K\u00f6nnunin inniheldur 31 mats\u00fe\u00e1tt \u00ed sex flokkum.\u00a0\u00a0Spurningarnar eru 65 talsins. H\u00e6gt er a\u00f0 taka k\u00f6nnunina \u00e1 \u00edslensku, ensku og p\u00f3lsku. Um 10 m\u00edn\u00fatur tekur a\u00f0 svara k\u00f6nnuninni.<\/p>\n<p><strong>1. Daglegt leiksk\u00f3lastarf (14 spurningar)<\/strong><\/p>\n<ul>\n<li>\u00c1n\u00e6gja me\u00f0 leiksk\u00f3lann (6)<\/li>\n<li>\u00c1n\u00e6gja me\u00f0 stj\u00f3rnun (1)<\/li>\n<li>\u00c1n\u00e6gja barnsins \u00ed leiksk\u00f3lanum (4)<\/li>\n<li>H\u00e6filegur fj\u00f6ldi barna \u00e1 deild (1)<\/li>\n<li>S\u00e9r\u00fearfir \u00ed matar\u00e6\u00f0i (1)<\/li>\n<li>Hollt matar\u00e6\u00f0i (1)<\/li>\n<\/ul>\n<p><strong>2. N\u00e1msumhverfi (19 spurningar)<\/strong><\/p>\n<ul>\n<li>Vinnubr\u00f6g\u00f0 (6)<\/li>\n<li>A\u00f0sta\u00f0a (5)<\/li>\n<li>F\u00e9lagsleg samskipti (5)<\/li>\n<li>\u00de\u00e1tttaka \u00e1n a\u00f0greiningar (3)<\/li>\n<\/ul>\n<p><strong>3. Samskipti vi\u00f0 foreldra (12 spurningar)<\/strong><\/p>\n<ul>\n<li>Uppl\u00fdsingami\u00f0lun (6)<\/li>\n<li>\u00deekking \u00e1 stefnu og n\u00e1msskr\u00e1 leiksk\u00f3lans (1)<\/li>\n<li>Tengsl vi\u00f0 starfsf\u00f3lk leiksk\u00f3lans (1)<\/li>\n<li>Hvatning til \u00fe\u00e1ttt\u00f6ku \u00ed leiksk\u00f3lastarfinu (1)<\/li>\n<li>T\u00edmasetning vi\u00f0bur\u00f0a (1)<\/li>\n<li>Heimas\u00ed\u00f0a leiksk\u00f3lans (1)<\/li>\n<li>Samskiptaforriti\u00f0 Karellen\/Vala (1)<\/li>\n<\/ul>\n<p><strong>4. Upphaf og lok leiksk\u00f3lag\u00f6ngu (7 spurningar)<\/strong><\/p>\n<ul>\n<li>Leiksk\u00f3labyrjun (4)<\/li>\n<li>Flutningur milli sk\u00f3lastiga (2)<\/li>\n<li>Flutningur milli deilda (1)<\/li>\n<\/ul>\n<p><strong>5. S\u00e9rstakur stu\u00f0ningur og s\u00e9rfr\u00e6\u00f0i\u00fej\u00f3nusta (2 spurningar)<\/strong><\/p>\n<ul>\n<li>Hlutfall s\u00e9rkennslu og stu\u00f0nings (1)<\/li>\n<li>Hlutfall s\u00e9rfr\u00e6\u00f0i\u00fej\u00f3nustu (1)<\/li>\n<\/ul>\n<p><strong>6. Opin sv\u00f6r (8-11 spurningar)<\/strong><\/p>\n<ul>\n<li>L\u00fdstu \u00fev\u00ed hva\u00f0 \u00fe\u00e9r \u00feykir\u00a0gott\u00a0vi\u00f0 leiksk\u00f3lann \u00feinn.<\/li>\n<li>L\u00fdstu \u00fev\u00ed hva\u00f0 \u00fe\u00e9r \u00feykir betur mega fara \u00ed leiksk\u00f3lanum \u00fe\u00ednum.<\/li>\n<li>Ef \u00fe\u00fa hugsar um stj\u00f3rnun leiksk\u00f3lans, er eitthva\u00f0 s\u00e9rstaklega gott e\u00f0a sem m\u00e1 betur fara?<\/li>\n<li>Ef \u00fe\u00fa hugsar um daglegt starf \u00ed leiksk\u00f3lanum, er eitthva\u00f0 s\u00e9rstaklega gott e\u00f0a sem m\u00e1 betur fara?<\/li>\n<li>Er eitthva\u00f0 sem \u00fe\u00fa vilt koma \u00e1 framf\u00e6ri var\u00f0andi \u00fea\u00f0 hvernig leiksk\u00f3linn sinnir s\u00e9r\u00fe\u00f6rfum barnsins \u00ed tengslum vi\u00f0 mat? Er eitthva\u00f0 s\u00e9rstaklega gott e\u00f0a sem \u00fe\u00e9r finnst a\u00f0 m\u00e6tti betur fara?<\/li>\n<li>Ef \u00fe\u00fa hugsar um n\u00e1msumhverfi\u00f0 \u00ed leiksk\u00f3lanum, er eitthva\u00f0 sem m\u00e1 betur fara?<\/li>\n<li>Ef \u00fe\u00fa hugsar um samskipti vi\u00f0 leiksk\u00f3lann, er eitthva\u00f0 s\u00e9rstaklega gott e\u00f0a sem m\u00e1 betur fara?<\/li>\n<li>Ef \u00fe\u00fa hugsar um upphaf leiksk\u00f3ladvalar barnsins, er eitthva\u00f0 s\u00e9rstaklega gott e\u00f0a sem m\u00e1 betur fara?<\/li>\n<li>Er eitthva\u00f0 sem \u00fe\u00fa vilt koma \u00e1 framf\u00e6ri var\u00f0andi \u00fe\u00e1 s\u00e9rfr\u00e6\u00f0i\u00fej\u00f3nustu (t.d. s\u00e1lfr\u00e6\u00f0i, talmeinafr\u00e6\u00f0i e\u00f0a i\u00f0ju\u00fej\u00e1lfun) sem barni\u00f0 \u00feitt hefur fengi\u00f0? Er eitthva\u00f0 s\u00e9rstaklega gott e\u00f0a sem m\u00e1 betur fara?<\/li>\n<li>Er eitthva\u00f0 sem \u00fe\u00fa vilt koma \u00e1 framf\u00e6ri var\u00f0andi \u00fe\u00e1 s\u00e9rkennslu e\u00f0a s\u00e9rstaka stu\u00f0ning sem barni\u00f0 \u00feitt hefur fengi\u00f0? Er eitthva\u00f0 s\u00e9rstaklega gott e\u00f0a sem m\u00e1 betur fara?<\/li>\n<li>Ef \u00fe\u00fa hugsar um hvernig leiksk\u00f3linn kemur til m\u00f3ts vi\u00f0 s\u00e9r\u00fearfir barns \u00fe\u00edns var\u00f0andi matar\u00e6\u00f0i, er eitthva\u00f0 s\u00e9rstaklega gott e\u00f0a sem m\u00e1 betur fara?<\/li>\n<\/ul>\n<p>Efni kannana er endursko\u00f0a\u00f0 \u00e1rlega a\u00f0 vori \u00e1 samr\u00e1\u00f0sfundi me\u00f0 notendum kerfisins.<\/p>\n<p><strong>Lei\u00f0beiningar um framkv\u00e6md<\/strong><\/p>\n<p><strong>1. Tilkynning um fyrirhuga\u00f0a k\u00f6nnun<\/strong><\/p>\n<p>\u00c1\u00f0ur en foreldrak\u00f6nnun fer fram \u00fearf tengili\u00f0ur Sk\u00f3lap\u00falsins a\u00f0 tilkynna foreldrum um fyrirhuga\u00f0a k\u00f6nnun. M\u00e6lst er til a\u00f0 \u00feeir foreldrar sem ekki vilja svara foreldrak\u00f6nnuninni f\u00e1i viku til a\u00f0 hafna \u00fe\u00e1ttt\u00f6ku. Tilkynningin fer fram \u00ed t\u00f6lvup\u00f3sti me\u00f0 st\u00f6\u00f0lu\u00f0u foreldrabr\u00e9fi sem finna m\u00e1 h\u00e9r fyrir ne\u00f0an. A\u00f0 \u00feessu loknu er foreldralisti sk\u00f3lans sendur inn \u00ed Sk\u00f3lap\u00falsinn.<\/p>\n<p><a href=\"https:\/\/skolapulsinn.is\/um\/wp-content\/uploads\/2023\/01\/Foreldrabref_foreldrakonnunar_leikskolapulsins-2023-1-1.pdf\">Uppl\u00fdsingabr\u00e9f foreldrak\u00f6nnunar<\/a> (pdf)<\/p>\n<p><a href=\"https:\/\/skolapulsinn.is\/um\/wp-content\/uploads\/2023\/01\/Foreldrabref_foreldrakonnunar_leikskolapulsins-2023-1-1.docx\">Uppl\u00fdsingabr\u00e9f foreldrak\u00f6nnunar<\/a> (word)<\/p>\n<p><a href=\"https:\/\/skolapulsinn.is\/um\/wp-content\/uploads\/2024\/01\/Foreldrabref_foreldrakonnunar_leikskolapulsins_en_2023.pdf\">Uppl\u00fdsingabr\u00e9f foreldrak\u00f6nnunar<\/a> (pdf, ENSKA)<\/p>\n<p><a href=\"https:\/\/skolapulsinn.is\/um\/wp-content\/uploads\/2024\/01\/Parent_surv_info_letter_parents_english_2023.docx\">Uppl\u00fdsingabr\u00e9f foreldrak\u00f6nnunar<\/a> (word, ENSKA)<\/p>\n<p><a href=\"https:\/\/skolapulsinn.is\/um\/wp-content\/uploads\/2024\/01\/Foreldrabref_foreldrakonnunar_leikskolapulsins_pol_2023.pdf\">Uppl\u00fdsingabr\u00e9f foreldrak\u00f6nnunar<\/a> (pdf, P\u00d3LSKA)<\/p>\n<p><a href=\"https:\/\/skolapulsinn.is\/um\/wp-content\/uploads\/2024\/01\/Foreldrabref_foreldrakonnunar_leikskolapulsins_pol_2023.docx\">Uppl\u00fdsingabr\u00e9f foreldrak\u00f6nnunar<\/a> (word, P\u00d3LSKA)<\/p>\n<p><strong>2. Innsending foreldralista<\/strong><\/p>\n<p>\u00de\u00e1tttaka sk\u00f3lans \u00ed k\u00f6nnuninni er sta\u00f0fest me\u00f0 innsendingu \u00e1 lista yfir foreldra sem eiga a\u00f0 taka \u00fe\u00e1tt. Listinn \u00e1 a\u00f0 vera \u00ed einu Excel skjali \u00e1n au\u00f0ra ra\u00f0a. <strong>Athugi\u00f0 a\u00f0 n\u00fa er bo\u00f0i\u00f0 upp \u00e1 a\u00f0 velja \u00e1 milli \u00feess a\u00f0 senda inn tv\u00e6r ger\u00f0ir lista: Anna\u00f0hvort lista eins og hann kemur \u00far V\u00d6LU me\u00f0 nafn barns \u00ed einni e\u00f0a fleiri r\u00f6\u00f0um (A) e\u00f0a hef\u00f0bundinn foreldralista (B)<\/strong>:<\/p>\n<p>A) H\u00e6gt a\u00f0 hla\u00f0a inn lista me\u00f0 sama sni\u00f0i og hann kemur \u00far V\u00d6LU. Ef \u00fer\u00edr e\u00f0a fleiri a\u00f0standendur barns eru skr\u00e1\u00f0ir ver\u00f0a tveir valdir af handah\u00f3fi til a\u00f0 f\u00e1 k\u00f6nnunina senda (fyrst einn og svo hinn ef s\u00e1 fyrsti hefur ekki svara\u00f0 a\u00f0 10 d\u00f6gum li\u00f0num).<\/p>\n<p>Athugi\u00f0 a\u00f0 \u00fei\u00f0 \u00feurfi\u00f0 a\u00f0 <strong>EY\u00d0A kennit\u00f6lum barns og foreldra<\/strong> \u00e1\u00f0ur en skjalinu er hla\u00f0i\u00f0 inn (\u00fe.e. ekki ey\u00f0a d\u00e1lkunum n\u00e9 heiti \u00feeirra heldur bara kennit\u00f6lunum) og \u00ed sta\u00f0 kennit\u00f6lu barns \u00fearf a\u00f0 setja inn <strong>f\u00e6\u00f0ingar\u00e1r<\/strong> (sj\u00e1 mynd 1). Einnig \u00fearf a\u00f0 a\u00f0g\u00e6ta a\u00f0 <strong>deild barns<\/strong> komi fram \u00ed d\u00e1lkinum &#8222;Deild&#8220;, ekki bara nafn leiksk\u00f3lans (sem heitir Vistunarsta\u00f0ur \u00ed V\u00f6lu). Athugi\u00f0 einnig a\u00f0 ekki \u00fearf a\u00f0 tilgreina kyn barns \u00fear sem sl\u00edkri spurningu hefur veri\u00f0 b\u00e6tt inn \u00ed k\u00f6nnunina:<\/p>\n<div id=\"attachment_3957\" style=\"width: 923px\" class=\"wp-caption alignnone\"><img loading=\"lazy\" decoding=\"async\" aria-describedby=\"caption-attachment-3957\" class=\"wp-image-3957\" src=\"https:\/\/skolapulsinn.is\/um\/wp-content\/uploads\/2025\/01\/Vala-synislisti.png\" alt=\"\" width=\"913\" height=\"241\" srcset=\"https:\/\/skolapulsinn.is\/um\/wp-content\/uploads\/2025\/01\/Vala-synislisti.png 1034w, https:\/\/skolapulsinn.is\/um\/wp-content\/uploads\/2025\/01\/Vala-synislisti-300x79.png 300w, https:\/\/skolapulsinn.is\/um\/wp-content\/uploads\/2025\/01\/Vala-synislisti-1024x270.png 1024w, https:\/\/skolapulsinn.is\/um\/wp-content\/uploads\/2025\/01\/Vala-synislisti-768x203.png 768w\" sizes=\"auto, (max-width: 913px) 100vw, 913px\" \/><p id=\"caption-attachment-3957\" class=\"wp-caption-text\">Mynd 1: D\u00e6mi um V\u00d6LU \u00fe\u00e1tttakendalista. Svona \u00fearf listinn a\u00f0 l\u00edta \u00fat til a\u00f0 h\u00e6gt s\u00e9 a\u00f0 senda hann inn.<\/p><\/div>\n<p>&nbsp;<\/p>\n<p>B) Hef\u00f0bundin a\u00f0fer\u00f0 fyrri \u00e1ra er a\u00f0 hla\u00f0a inn Excel skjali sem inniheldur <strong>10 samliggjandi d\u00e1lka<\/strong>\u00a0me\u00f0 eftirfarandi titlum og \u00ed eftirfarandi r\u00f6\u00f0:<\/p>\n<p><em> Nafn barns, F\u00e6\u00f0ingar\u00e1r barns, Kyn barns*, Deild Barns, Forsj\u00e1ra\u00f0ili 1 Nafn, Forsj\u00e1ra\u00f0ili 1Gsm, Forsj\u00e1ra\u00f0ili 1Netfang, Forsj\u00e1ra\u00f0ili 2 Nafn, Forsj\u00e1ra\u00f0ili\u00a0 2 Gsm, Forsj\u00e1ra\u00f0ili 2 Netfang <\/em>(sj\u00e1 mynd 2).<\/p>\n<div id=\"attachment_3926\" style=\"width: 831px\" class=\"wp-caption alignnone\"><img loading=\"lazy\" decoding=\"async\" aria-describedby=\"caption-attachment-3926\" class=\"wp-image-3926\" src=\"https:\/\/skolapulsinn.is\/um\/wp-content\/uploads\/2025\/01\/Hefdb-listi.png\" alt=\"\" width=\"821\" height=\"107\" srcset=\"https:\/\/skolapulsinn.is\/um\/wp-content\/uploads\/2025\/01\/Hefdb-listi.png 1262w, https:\/\/skolapulsinn.is\/um\/wp-content\/uploads\/2025\/01\/Hefdb-listi-300x39.png 300w, https:\/\/skolapulsinn.is\/um\/wp-content\/uploads\/2025\/01\/Hefdb-listi-1024x133.png 1024w, https:\/\/skolapulsinn.is\/um\/wp-content\/uploads\/2025\/01\/Hefdb-listi-768x100.png 768w\" sizes=\"auto, (max-width: 821px) 100vw, 821px\" \/><p id=\"caption-attachment-3926\" class=\"wp-caption-text\">Mynd 2: D\u00e6mi um hef\u00f0bundinn \u00fe\u00e1tttakendalista.<\/p><\/div>\n<p>*Ef kyn barns er kynsegin\/anna\u00f0 m\u00e1 skila au\u00f0ri skr\u00e1ningu \u00fear sem kerfi\u00f0 vistar einungis au\u00f0a skr\u00e1ningu \u00ed \u00feeim tilfellum til a\u00f0 tryggja nafnleynd svara.<\/p>\n<p>K\u00f6nnunin er send \u00fat \u00ed t\u00f6lvup\u00f3sti og \u00e1minningar eru sendar \u00ed t\u00f6lvup\u00f3sti og s\u00edmlei\u00f0is. <strong>\u00dev\u00ed skal ekki setja nafn foreldris \u00e1 listann ef sk\u00f3linn hefur ekki uppl\u00fdsingar um t\u00f6lvup\u00f3stfang \u00feess<\/strong>. Ef foreldri vill ekki f\u00e1 \u00e1minningu \u00ed SMS skilabo\u00f0um skal s\u00edman\u00fameri\u00f0 fjarl\u00e6gt af listanum.<\/p>\n<p>Til a\u00f0 senda inn listann skr\u00e1ir tengili\u00f0ur e\u00f0a sk\u00f3lastj\u00f3ri sig fyrst inn \u00e1 sitt vefsv\u00e6\u00f0i \u00e1 s\u00ed\u00f0unni <span style=\"text-decoration: underline;\">skolapulsinn.is<\/span>. Efst \u00e1 vefsv\u00e6\u00f0inu er listi yfir \u00fe\u00e6r kannanir sem vi\u00f0komandi sk\u00f3li er skr\u00e1\u00f0ur \u00ed. Smellt er \u00e1 vi\u00f0eigandi foreldrak\u00f6nnun.<\/p>\n<p>\u00c1 fyrstu s\u00ed\u00f0u k\u00f6nnunarinnar er Excel skjalinu hla\u00f0i\u00f0 upp og smellt \u00e1 hnappinn <em>Skref 1: Forsko\u00f0a lista<\/em> (sj\u00e1 mynd 3). <a href=\"https:\/\/skolapulsinn.is\/um\/wp-content\/uploads\/2021\/01\/demo_forsjaradilar.xlsx\">Einnig er h\u00e6gt a\u00f0 hla\u00f0a ni\u00f0ur t\u00f6flureiknisskjali sem nota m\u00e1 sem sni\u00f0m\u00e1t til innsendingar.<\/a><\/p>\n<div id=\"attachment_3028\" style=\"width: 690px\" class=\"wp-caption alignnone\"><a href=\"https:\/\/skolapulsinn.is\/um\/wp-content\/uploads\/2020\/08\/step1.png\"><img loading=\"lazy\" decoding=\"async\" aria-describedby=\"caption-attachment-3028\" class=\"wp-image-3028\" src=\"https:\/\/skolapulsinn.is\/um\/wp-content\/uploads\/2020\/08\/step1.png\" alt=\"\" width=\"680\" height=\"296\" srcset=\"https:\/\/skolapulsinn.is\/um\/wp-content\/uploads\/2020\/08\/step1.png 1002w, https:\/\/skolapulsinn.is\/um\/wp-content\/uploads\/2020\/08\/step1-300x131.png 300w, https:\/\/skolapulsinn.is\/um\/wp-content\/uploads\/2020\/08\/step1-768x334.png 768w\" sizes=\"auto, (max-width: 680px) 100vw, 680px\" \/><\/a><p id=\"caption-attachment-3028\" class=\"wp-caption-text\">Mynd 3. Listi sendur inn til forsko\u00f0unar.<\/p><\/div>\n<p>Kerfi\u00f0 s\u00fdnir \u00fe\u00e1 m\u00f6gulegar villur og athugasemdir vi\u00f0 listann (sj\u00e1 mynd 4). Ef villur koma upp \u00fearf a\u00f0 lei\u00f0r\u00e9tta Excel skjali\u00f0 og hla\u00f0a \u00fev\u00ed upp aftur.<\/p>\n<div id=\"attachment_3210\" style=\"width: 690px\" class=\"wp-caption alignleft\"><img loading=\"lazy\" decoding=\"async\" aria-describedby=\"caption-attachment-3210\" class=\"wp-image-3210\" src=\"https:\/\/skolapulsinn.is\/um\/wp-content\/uploads\/2021\/01\/forskoda_lei_for-1024x516.jpg\" alt=\"\" width=\"680\" height=\"343\" srcset=\"https:\/\/skolapulsinn.is\/um\/wp-content\/uploads\/2021\/01\/forskoda_lei_for-1024x516.jpg 1024w, https:\/\/skolapulsinn.is\/um\/wp-content\/uploads\/2021\/01\/forskoda_lei_for-300x151.jpg 300w, https:\/\/skolapulsinn.is\/um\/wp-content\/uploads\/2021\/01\/forskoda_lei_for-768x387.jpg 768w, https:\/\/skolapulsinn.is\/um\/wp-content\/uploads\/2021\/01\/forskoda_lei_for.jpg 1727w\" sizes=\"auto, (max-width: 680px) 100vw, 680px\" \/><p id=\"caption-attachment-3210\" class=\"wp-caption-text\">Mynd 4. Forsko\u00f0un \u00fe\u00e1tttakendalista<\/p><\/div>\n<p>\u00cd hvert skipti sem n\u00fdr listi er sendur inn er hann forsko\u00f0a\u00f0ur. \u00deegar engar villur e\u00f0a athugasemdir koma upp er listann sendur inn me\u00f0 \u00fev\u00ed a\u00f0 smella \u00e1 hnappinn <em>Skref 2: Senda lista<\/em> (sj\u00e1 mynd 5).<\/p>\n<p>&nbsp;<\/p>\n<p>&nbsp;<\/p>\n<div id=\"attachment_3176\" style=\"width: 690px\" class=\"wp-caption alignnone\"><a href=\"https:\/\/skolapulsinn.is\/um\/wp-content\/uploads\/2021\/01\/villulaus_skref2.jpg\"><img loading=\"lazy\" decoding=\"async\" aria-describedby=\"caption-attachment-3176\" class=\"wp-image-3176\" src=\"https:\/\/skolapulsinn.is\/um\/wp-content\/uploads\/2021\/01\/villulaus_skref2.jpg\" alt=\"\" width=\"680\" height=\"289\" srcset=\"https:\/\/skolapulsinn.is\/um\/wp-content\/uploads\/2021\/01\/villulaus_skref2.jpg 867w, https:\/\/skolapulsinn.is\/um\/wp-content\/uploads\/2021\/01\/villulaus_skref2-300x128.jpg 300w, https:\/\/skolapulsinn.is\/um\/wp-content\/uploads\/2021\/01\/villulaus_skref2-768x327.jpg 768w\" sizes=\"auto, (max-width: 680px) 100vw, 680px\" \/><\/a><p id=\"caption-attachment-3176\" class=\"wp-caption-text\">Mynd 5. Listi sendur inn eftir a\u00f0 hafa sta\u00f0ist \u00f6ll villupr\u00f3f.<\/p><\/div>\n<p>Ef einhverjar spurningar vakna ekki hika vi\u00f0 a\u00f0 hringja \u00ed s\u00edma 5830700 e\u00f0a senda t\u00f6lvup\u00f3st \u00e1 skolapulsinn@skolapulsinn.is.<\/p>\n<p><strong style=\"clear: both;\">3. Bo\u00f0sbr\u00e9f og \u00e1minningar<\/strong><\/p>\n<p>\u00cd upphafi er sent \u00fat bo\u00f0sbr\u00e9f til forr\u00e1\u00f0amanns 1 og honum\/henni gert m\u00f6gulegt a\u00f0 svara \u00ed um 10 daga. Forr\u00e1\u00f0ama\u00f0ur 1 f\u00e6r a\u00f0 auki eina SMS \u00e1minningu, annan t\u00f6lvup\u00f3st, raddskilabo\u00f0 og loka\u00e1minningu \u00e1 \u00feessu 10 daga t\u00edmabili (1 sms, ein raddskilabo\u00f0 og 3 t\u00f6lvup\u00f3star alls). A\u00f0 10 d\u00f6gum loknum er a\u00f0gangi forr\u00e1\u00f0amanns 1 loka\u00f0 og n\u00fdtt bo\u00f0sbr\u00e9f sent \u00e1 forr\u00e1\u00f0amann 2 hj\u00e1 \u00feeim heimilum sem enn eiga eftir a\u00f0 svara og honum\/henni gert m\u00f6gulegt a\u00f0 svara til loka m\u00e1na\u00f0arins. Forr\u00e1\u00f0ama\u00f0ur 2 f\u00e6r a\u00f0 auki eina SMS \u00e1minningu, annan t\u00f6lvup\u00f3st, raddskilabo\u00f0 og loka\u00e1minningu \u00e1 10 daga t\u00edmabili (1 sms, ein raddskilabo\u00f0 og 3 t\u00f6lvup\u00f3star alls). \u00cd lokat\u00f6lvup\u00f3sti til forr\u00e1\u00f0amanns 2 er honum\/henni tilkynnt um a\u00f0 s\u00edmaeftirfylgni hefjist og standi til loka m\u00e1na\u00f0arins.<\/p>\n<p><strong>4. S\u00edmaeftirfylgni<\/strong><\/p>\n<p>\u00c1 vefsv\u00e6\u00f0i sk\u00f3lans er h\u00e6gt a\u00f0 fylgjast me\u00f0 svarhlutfalli k\u00f6nnunarinnar. Uppl\u00fdsingar um \u00fe\u00e1 foreldra sem svara\u00f0 hafa k\u00f6nnuninni hverfa jafn\u00f3\u00f0um og \u00feeir byrja a\u00f0 svara. H\u00e6gt er a\u00f0 hringja \u00ed \u00fe\u00e1 sem eiga eftir a\u00f0 svara og senda \u00feeim k\u00f6nnunina aftur \u00ed t\u00f6lvup\u00f3sti. M\u00e6lt er me\u00f0 \u00fev\u00ed a\u00f0 byrja\u00a0 s\u00edmaeftirfylgni ekki s\u00ed\u00f0ar en 10 d\u00f6gum fyrir m\u00e1na\u00f0arm\u00f3t. <strong>\u00c6skilegt er a\u00f0 n\u00e1 \u00a080% svarhlutfalli,\u00a0<\/strong><strong>ni\u00f0urst\u00f6\u00f0ur eru ekki birtar ef svarhlutfall er l\u00e6gra en 60%. <\/strong>M\u00f6guleiki er \u00e1 s\u00edmaeftirfylgni \u00far s\u00edmaveri Sk\u00f3lap\u00falsins en s\u00fa \u00fej\u00f3nusta er ekki innifalin \u00ed grunngjaldi.<\/p>\n<p><strong>5. Pers\u00f3nuuppl\u00fdsinga<\/strong>r<\/p>\n<p>Vinnsla k\u00f6nnunarinnar uppfyllir skilyr\u00f0i laga nr. 90\/2018 um pers\u00f3nuvernd og vinnslu pers\u00f3nuppl\u00fdsinga og er \u00ed samr\u00e6mi vi\u00f0 GDPR regluger\u00f0 Evr\u00f3pu\u00feingsins. Fj\u00f3rar lei\u00f0ir hafa veri\u00f0 \u00fer\u00f3a\u00f0ar \u00ed \u00fev\u00ed skyni:<\/p>\n<p>\u2713 \u00d6llum pers\u00f3nuuppl\u00fdsingum er eytt \u00e1\u00f0ur en sv\u00f6run hefst \u00ed nemendak\u00f6nnun 6.-10. bekkjar<br \/>\n\u2713 Allar skeytasendingar eru dulk\u00f3\u00f0a\u00f0ar (https:) sem dregur \u00far l\u00edkum \u00e1 \u00fev\u00ed a\u00f0 h\u00e6gt s\u00e9 a\u00f0 hlera<br \/>\nsv\u00f6run um lei\u00f0 og h\u00fan \u00e1 s\u00e9r sta\u00f0.<br \/>\n\u2713 Opin sv\u00f6r eru vistu\u00f0 a\u00f0skilin fr\u00e1 \u00f6\u00f0rum sv\u00f6rum k\u00f6nnunarinnar sem kemur \u00ed veg fyrir a\u00f0<br \/>\nuppl\u00fdsingar sem koma fram \u00ed opnu svari geti \u00e1 nokkurn h\u00e1tt veri\u00f0 tengdar sv\u00f6rum vi\u00f0<br \/>\nfj\u00f6lvalsspurningum \u00ed k\u00f6nnuninni.<br \/>\n\u2713 Notkun \u00e1 vefk\u00f6kum er takm\u00f6rku\u00f0, sj\u00e1 n\u00e1nar \u00e1 www.visar.is undir Pers\u00f3nuverndarstefna.<\/p>\n<p>V\u00edsar ranns\u00f3knir, sem s\u00e9r um framkv\u00e6md k\u00f6nnunarinnar, er me\u00f0limur ESOMAR, al\u00fej\u00f3\u00f0asamtaka ranns\u00f3knafyrirt\u00e6kja og vinna samkv\u00e6mt si\u00f0areglum \u00feeirra. N\u00e1nari uppl\u00fdsingar um \u00f6ryggisr\u00e1\u00f0stafanir m\u00e1 finna \u00ed pers\u00f3nuverndarstefnu \u00e1 www.visar.is. H\u00e6gt er a\u00f0 n\u00e1lgast frekari uppl\u00fdsingar um t\u00e6knilegar og skipulagslegar \u00f6ryggisr\u00e1\u00f0stafanir me\u00f0 \u00fev\u00ed a\u00f0 senda p\u00f3st \u00e1 personuvernd@visar.is.<\/p>\n","protected":false},"excerpt":{"rendered":"<p>K\u00f6nnunin er ger\u00f0 \u00ed febr\u00faar \u00e1r hvert. Leiksk\u00f3linn sendir inn netfangalista foreldra\/forsj\u00e1ra\u00f0ila fyrir k\u00f6nnunina (sj\u00e1 lei\u00f0beiningar \u00ed skrefi 2 h\u00e9r ne\u00f0ar \u00e1 s\u00ed\u00f0unni). K\u00f6nnunin er l\u00f6g\u00f0 fyrir alla foreldra\/forsj\u00e1ra\u00f0ila barna \u00e1 deildum leiksk\u00f3lans. B\u00fanir eru til \u00fe\u00e1ttt\u00f6kuk\u00f3\u00f0ar \u00far lista sem <span class=\"readmore\"><a href=\"https:\/\/skolapulsinn.is\/um\/?page_id=1508\">Lesa meira<\/a><\/span><\/p>\n","protected":false},"author":2,"featured_media":0,"parent":1495,"menu_order":2,"comment_status":"closed","ping_status":"closed","template":"","meta":{"footnotes":""},"class_list":["post-1508","page","type-page","status-publish","hentry"],"_links":{"self":[{"href":"https:\/\/skolapulsinn.is\/um\/index.php?rest_route=\/wp\/v2\/pages\/1508","targetHints":{"allow":["GET"]}}],"collection":[{"href":"https:\/\/skolapulsinn.is\/um\/index.php?rest_route=\/wp\/v2\/pages"}],"about":[{"href":"https:\/\/skolapulsinn.is\/um\/index.php?rest_route=\/wp\/v2\/types\/page"}],"author":[{"embeddable":true,"href":"https:\/\/skolapulsinn.is\/um\/index.php?rest_route=\/wp\/v2\/users\/2"}],"replies":[{"embeddable":true,"href":"https:\/\/skolapulsinn.is\/um\/index.php?rest_route=%2Fwp%2Fv2%2Fcomments&post=1508"}],"version-history":[{"count":134,"href":"https:\/\/skolapulsinn.is\/um\/index.php?rest_route=\/wp\/v2\/pages\/1508\/revisions"}],"predecessor-version":[{"id":4138,"href":"https:\/\/skolapulsinn.is\/um\/index.php?rest_route=\/wp\/v2\/pages\/1508\/revisions\/4138"}],"up":[{"embeddable":true,"href":"https:\/\/skolapulsinn.is\/um\/index.php?rest_route=\/wp\/v2\/pages\/1495"}],"wp:attachment":[{"href":"https:\/\/skolapulsinn.is\/um\/index.php?rest_route=%2Fwp%2Fv2%2Fmedia&parent=1508"}],"curies":[{"name":"wp","href":"https:\/\/api.w.org\/{rel}","templated":true}]}}