{"id":156,"date":"2009-06-29T17:21:09","date_gmt":"2009-06-29T17:21:09","guid":{"rendered":"http:\/\/skolapulsinn.is\/um\/?page_id=156"},"modified":"2025-07-28T17:15:21","modified_gmt":"2025-07-28T17:15:21","slug":"skra-skola","status":"publish","type":"page","link":"https:\/\/skolapulsinn.is\/um\/?page_id=156","title":{"rendered":"Skr\u00e1 sk\u00f3la"},"content":{"rendered":"<p><a href=\"http:\/\/crm.visar.is\/register\">Skr\u00e1 sk\u00f3la<\/a><br \/>\n<!--\nMe\u00f0\u00a0skr\u00e1ningu \u00e1 \u00feessari s\u00ed\u00f0u ver\u00f0ur sk\u00f3linn \u00fe\u00e1tttakandi \u00ed\u00a0Sk\u00f3lap\u00falsinum. Sk\u00f3linn grei\u00f0ir \u00e1rgjald skv. skr\u00e1ningunni h\u00e9r\u00a0fyrir ne\u00f0an. Ef um endurn\u00fdjun \u00e1skriftar er a\u00f0 r\u00e6\u00f0a er n\u00e6gilegt a\u00f0 senda t\u00f6lvup\u00f3st \u00e1 <a href=\"mailto:skolapulsinn@skolapulsinn.is\">skolapulsinn@skolapulsinn.is<\/a>.\n\n\n\n<form action=\"http:\/\/skolapulsinn.is\/admin\/tools\/doInsert.php\" enctype=\"application\/x-www-form-urlencoded\" method=\"post\">Ef vandam\u00e1l\u00a0koma upp vi\u00f0 skr\u00e1ninguna vinsamlegast sendi\u00f0 t\u00f6lvup\u00f3st \u00e1\u00a0<a href=\"mailto:kristjan@skolapulsinn.is\">kristjan@skolapulsinn.is <\/a>e\u00f0a hringi\u00f0 \u00ed s\u00edma 5830700.\n\n\n<h2>Uppl\u00fdsingar um sk\u00f3la<\/h2>\n\n\n\n\n<div>Nafn sk\u00f3la<\/div>\n\n\n\n\n<div><input name=\"nafnsk\" size=\"43\" type=\"text\" \/><\/div>\n\n\n\n\n<div>S\u00edman\u00famer sk\u00f3la<\/div>\n\n\n\n\n<div><input name=\"simisk\" size=\"14\" type=\"text\" \/><\/div>\n\n\n\n\n<div>Heimilisfang sk\u00f3la<\/div>\n\n\n\n\n<div><input name=\"heimskl\" size=\"43\" type=\"text\" \/><\/div>\n\n\n\n\n<div>P\u00f3stn\u00famer<\/div>\n\n\n\n\n<div><input maxlength=\"10\" name=\"pnr\" size=\"5\" type=\"text\" \/><\/div>\n\n\n\n\n<div>Sta\u00f0ur<\/div>\n\n\n\n\n<div><input name=\"tolvpsk1\" size=\"25\" type=\"text\" \/><\/div>\n\n\n\n\n<div>Kennitala sk\u00f3la (\u00e1n\u00a0bandstriks)<\/div>\n\n\n\n\n<div><input maxlength=\"10\" name=\"kennit\" size=\"14\" type=\"text\" \/><\/div>\n\n\n\n\n<div>T\u00f6lvup\u00f3stfang sk\u00f3lastj\u00f3ra<\/div>\n\n\n\n\n<div><input name=\"tolvpsk\" size=\"25\" type=\"text\" \/><\/div>\n\n\n\n\n<h2>Uppl\u00fdsingar um tengili\u00f0*<\/h2>\n\n\n\n\n<div>Nafn tengili\u00f0s\u00a0innan sk\u00f3la<\/div>\n\n\n\n\n<div><input name=\"nafnum\" size=\"43\" type=\"text\" \/><\/div>\n\n\n\n\n<div>S\u00edman\u00famer\u00a0tengili\u00f0s<\/div>\n\n\n\n\n<div><input name=\"simium\" size=\"14\" type=\"text\" \/><\/div>\n\n\n\n\n<div>T\u00f6lvup\u00f3stfang\u00a0tengili\u00f0s<\/div>\n\n\n\n\n<div><input name=\"tolvpum\" size=\"25\" type=\"text\" \/><\/div>\n\n\n\n\n<h2>Tegund skr\u00e1ningar<\/h2>\n\n\nInnifali\u00f0 \u00ed \u00e1skrift a\u00f0 Sk\u00f3lap\u00falsinum er almenn r\u00e1\u00f0gj\u00f6f alla virka daga fr\u00e1 08:00-16:00 \u00ed s\u00edma 5830700 og\/e\u00f0a \u00ed t\u00f6lvup\u00f3sti \u00e1\u00a0<a href=\"mailto:skolapulsinn@skolapulsinn.is\">skolapulsinn@skolapulsinn.is<\/a> um notkun kerfisins og t\u00falkun ni\u00f0ursta\u00f0na. Sama gjald er fyrir nemendak\u00f6nnun, foreldrak\u00f6nnun og starfsmannak\u00f6nnun en gjaldi\u00f0 er breytilegt eftir st\u00e6r\u00f0 og ger\u00f0 sk\u00f3lans. Hver sk\u00f3li getur vali\u00f0 hvort hann k\u00fds a\u00f0 taka \u00fe\u00e1tt \u00ed einni e\u00f0a \u00f6llum \u00feremur ger\u00f0um kannana \u00e1 sk\u00f3la\u00e1rinu. Fyrir uppl\u00fdsingar um ver\u00f0 hafi\u00f0 samband \u00ed s\u00edma 5830700 e\u00f0a \u00e1 skolapulsinn@skolapulsinn.is.\n\n\n<table border=\"0\" width=\"100%\">\n\n\n<tbody>\n\n\n<tr>\n\n\n<td align=\"center\" width=\"69\" height=\"41\"><input name=\"tegund\" type=\"radio\" value=\"1\" \/><\/td>\n\n\n\n\n<td height=\"41\">St\u00f3r leiksk\u00f3li (70 nemendur e\u00f0a fleiri)<\/td>\n\n\n<\/tr>\n\n\n\n\n<tr>\n\n\n<td align=\"center\" width=\"69\"><input name=\"tegund\" type=\"radio\" value=\"2\" \/><\/td>\n\n\n\n\n<td height=\"41\">L\u00edtill leiksk\u00f3li (f\u00e6rri en 70 nemendur)<\/td>\n\n\n<\/tr>\n\n\n\n\n<tr>\n\n\n<td align=\"center\" width=\"69\"><input name=\"tegund\" type=\"radio\" value=\"3\" \/><\/td>\n\n\n\n\n<td height=\"41\">St\u00f3r grunnsk\u00f3li (240 nemendur e\u00f0a fleiri)<\/td>\n\n\n<\/tr>\n\n\n\n\n<tr>\n\n\n<td align=\"center\" width=\"69\"><input name=\"tegund\" type=\"radio\" value=\"4\" \/><\/td>\n\n\n\n\n<td height=\"41\">L\u00edtill grunnsk\u00f3li (f\u00e6rri en 240 nemendur)<\/td>\n\n\n<\/tr>\n\n\n\n\n<tr>\n\n\n<td align=\"center\" width=\"69\"><input name=\"tegund\" type=\"radio\" value=\"5\" \/><\/td>\n\n\n\n\n<td height=\"41\">Framhaldssk\u00f3li<\/td>\n\n\n<\/tr>\n\n\n<\/tbody>\n\n\n<\/table>\n\n\n\n\n<div><input name=\"B1\" type=\"submit\" value=\"Skr\u00e1 sk\u00f3la\" \/><\/div>\n\n\n*Tengili\u00f0ur Sk\u00f3lap\u00falsins s\u00e9r um a\u00f0 \u00feeir nemendur, sem tilgreindir eru \u00ed\u00a0t\u00f6lvup\u00f3sti, f\u00e1i s\u00edna \u00fe\u00e1ttt\u00f6kuk\u00f3\u00f0a \u00ed\u00a0hendur og f\u00e1i n\u00e6\u00f0i til a\u00f0 svara k\u00f6nnuninni \u00e1\u00a0<a href=\"http:\/\/www.skolapulsinn.is\">www.skolapulsinn.is<\/a>. Einnig s\u00e9r tengili\u00f0urinn um eftirfylgni \u00ed s\u00edma e\u00f0a \u00ed sk\u00f3la ef um foreldra- og\/e\u00f0a starfsmannak\u00f6nnun er a\u00f0 r\u00e6\u00f0a.\n<\/form>\n\n--><\/p>\n","protected":false},"excerpt":{"rendered":"<p>Skr\u00e1 sk\u00f3la<\/p>\n","protected":false},"author":1,"featured_media":0,"parent":0,"menu_order":0,"comment_status":"closed","ping_status":"closed","template":"","meta":{"footnotes":""},"class_list":["post-156","page","type-page","status-publish","hentry"],"_links":{"self":[{"href":"https:\/\/skolapulsinn.is\/um\/index.php?rest_route=\/wp\/v2\/pages\/156","targetHints":{"allow":["GET"]}}],"collection":[{"href":"https:\/\/skolapulsinn.is\/um\/index.php?rest_route=\/wp\/v2\/pages"}],"about":[{"href":"https:\/\/skolapulsinn.is\/um\/index.php?rest_route=\/wp\/v2\/types\/page"}],"author":[{"embeddable":true,"href":"https:\/\/skolapulsinn.is\/um\/index.php?rest_route=\/wp\/v2\/users\/1"}],"replies":[{"embeddable":true,"href":"https:\/\/skolapulsinn.is\/um\/index.php?rest_route=%2Fwp%2Fv2%2Fcomments&post=156"}],"version-history":[{"count":15,"href":"https:\/\/skolapulsinn.is\/um\/index.php?rest_route=\/wp\/v2\/pages\/156\/revisions"}],"predecessor-version":[{"id":1774,"href":"https:\/\/skolapulsinn.is\/um\/index.php?rest_route=\/wp\/v2\/pages\/156\/revisions\/1774"}],"wp:attachment":[{"href":"https:\/\/skolapulsinn.is\/um\/index.php?rest_route=%2Fwp%2Fv2%2Fmedia&parent=156"}],"curies":[{"name":"wp","href":"https:\/\/api.w.org\/{rel}","templated":true}]}}