{"id":1841,"date":"2014-09-18T10:44:20","date_gmt":"2014-09-18T10:44:20","guid":{"rendered":"http:\/\/skolapulsinn.is\/um\/?page_id=1841"},"modified":"2025-07-28T17:13:59","modified_gmt":"2025-07-28T17:13:59","slug":"aukakonnun","status":"publish","type":"page","link":"https:\/\/skolapulsinn.is\/um\/?page_id=1841","title":{"rendered":"Aukak\u00f6nnun"},"content":{"rendered":"<p><!--:IS-->Hver sk\u00f3li getur b\u00e6tt spurningum a\u00f0 eigin vali aftan vi\u00f0 k\u00f6nnunina. \u00de\u00e1tttakendur svara \u00fe\u00e1 Sk\u00f3lap\u00falsinum eins og venjulega en eftir \u00fea\u00f0 birtast spurningar sem sk\u00f3linn hefur vali\u00f0 a\u00f0 hafa me\u00f0 \u00feann m\u00e1nu\u00f0inn. Ni\u00f0urst\u00f6\u00f0ur aukaspurninga eru birtar \u00ed s\u00e9rsk\u00fdrslu. Ef sama spurningin er notu\u00f0 endurteki\u00f0 yfir sk\u00f3la\u00e1ri\u00f0 birtast upps\u00f6fnu\u00f0 sv\u00f6r yfir sk\u00f3la\u00e1ri\u00f0 \u00e1 sama h\u00e1tt og \u00ed kjarnaspurningalistanum. Vi\u00f0b\u00f3tarspurningum er b\u00e6tt vi\u00f0 kerfi\u00f0 mi\u00f0l\u00e6gt af starfsf\u00f3lki Sk\u00f3lap\u00falsins gegn t\u00edmagjaldi og fer heildarver\u00f0 eftir umfangi aukak\u00f6nnunar.<br \/>\n<!--:--><\/p>\n","protected":false},"excerpt":{"rendered":"<p>Hver sk\u00f3li getur b\u00e6tt spurningum a\u00f0 eigin vali aftan vi\u00f0 k\u00f6nnunina. \u00de\u00e1tttakendur svara \u00fe\u00e1 Sk\u00f3lap\u00falsinum eins og venjulega en eftir \u00fea\u00f0 birtast spurningar sem sk\u00f3linn hefur vali\u00f0 a\u00f0 hafa me\u00f0 \u00feann m\u00e1nu\u00f0inn. Ni\u00f0urst\u00f6\u00f0ur aukaspurninga eru birtar \u00ed s\u00e9rsk\u00fdrslu. Ef sama <span class=\"readmore\"><a href=\"https:\/\/skolapulsinn.is\/um\/?page_id=1841\">Lesa meira<\/a><\/span><\/p>\n","protected":false},"author":6,"featured_media":0,"parent":239,"menu_order":4,"comment_status":"closed","ping_status":"open","template":"","meta":{"footnotes":""},"class_list":["post-1841","page","type-page","status-publish","hentry"],"_links":{"self":[{"href":"https:\/\/skolapulsinn.is\/um\/index.php?rest_route=\/wp\/v2\/pages\/1841","targetHints":{"allow":["GET"]}}],"collection":[{"href":"https:\/\/skolapulsinn.is\/um\/index.php?rest_route=\/wp\/v2\/pages"}],"about":[{"href":"https:\/\/skolapulsinn.is\/um\/index.php?rest_route=\/wp\/v2\/types\/page"}],"author":[{"embeddable":true,"href":"https:\/\/skolapulsinn.is\/um\/index.php?rest_route=\/wp\/v2\/users\/6"}],"replies":[{"embeddable":true,"href":"https:\/\/skolapulsinn.is\/um\/index.php?rest_route=%2Fwp%2Fv2%2Fcomments&post=1841"}],"version-history":[{"count":4,"href":"https:\/\/skolapulsinn.is\/um\/index.php?rest_route=\/wp\/v2\/pages\/1841\/revisions"}],"predecessor-version":[{"id":2478,"href":"https:\/\/skolapulsinn.is\/um\/index.php?rest_route=\/wp\/v2\/pages\/1841\/revisions\/2478"}],"up":[{"embeddable":true,"href":"https:\/\/skolapulsinn.is\/um\/index.php?rest_route=\/wp\/v2\/pages\/239"}],"wp:attachment":[{"href":"https:\/\/skolapulsinn.is\/um\/index.php?rest_route=%2Fwp%2Fv2%2Fmedia&parent=1841"}],"curies":[{"name":"wp","href":"https:\/\/api.w.org\/{rel}","templated":true}]}}