{"id":29,"date":"2009-06-28T18:25:35","date_gmt":"2009-06-28T18:25:35","guid":{"rendered":"http:\/\/skolapulsinn.is\/um\/?page_id=29"},"modified":"2025-07-28T17:14:56","modified_gmt":"2025-07-28T17:14:56","slug":"framkv%c3%a6md","status":"publish","type":"page","link":"https:\/\/skolapulsinn.is\/um\/?page_id=29","title":{"rendered":"Grunnsk\u00f3lar"},"content":{"rendered":"<p>Sk\u00f3lap\u00falsinn b\u00fd\u00f0ur upp\u00e1 \u00ferj\u00e1r ger\u00f0ir\u00a0<span style=\"font-size: 13px; line-height: 19px;\">sta\u00f0la\u00f0ra<\/span><span style=\"font-size: 13px; line-height: 19px;\">\u00a0<\/span><span style=\"font-size: 13px; line-height: 19px;\">kannana fyrir grunnsk\u00f3la fyrir nemendur, starfsf\u00f3lk og kennara. <\/span><\/p>\n<p><span style=\"font-size: 13px; line-height: 19px;\">Nemendak\u00f6nnun 6.-10. bekkjar fer fram \u00ed nokkrum 40 nemenda \u00fart\u00f6kum sem dreift er samhverft yfir sk\u00f3la\u00e1ri\u00f0 \u00fear sem fj\u00f6ldi \u00fartaka fer eftir st\u00e6r\u00f0 hvers sk\u00f3la fyrir sig. <\/span><span style=\"font-size: 13px; line-height: 19px;\">Nemendak\u00f6nnun 2.-5. bekkjar er l\u00f6g\u00f0 fyrir allan nemendah\u00f3pinn \u00ed okt\u00f3ber. Foreldrak\u00f6nnunin fer fram \u00ed febr\u00faar og starfsmannak\u00f6nnunin fer fram \u00ed mars. <\/span><\/p>\n<p><span style=\"font-size: 13px; line-height: 19px;\">H\u00e6gt er a\u00f0 b\u00e6ta allt a\u00f0 20 aukaspurningum vi\u00f0 hverja ger\u00f0 k\u00f6nnunar.\u00a0<\/span><\/p>\n","protected":false},"excerpt":{"rendered":"<p>Sk\u00f3lap\u00falsinn b\u00fd\u00f0ur upp\u00e1 \u00ferj\u00e1r ger\u00f0ir\u00a0sta\u00f0la\u00f0ra\u00a0kannana fyrir grunnsk\u00f3la fyrir nemendur, starfsf\u00f3lk og kennara. Nemendak\u00f6nnun 6.-10. bekkjar fer fram \u00ed nokkrum 40 nemenda \u00fart\u00f6kum sem dreift er samhverft yfir sk\u00f3la\u00e1ri\u00f0 \u00fear sem fj\u00f6ldi \u00fartaka fer eftir st\u00e6r\u00f0 hvers sk\u00f3la fyrir sig. Nemendak\u00f6nnun <span class=\"readmore\"><a href=\"https:\/\/skolapulsinn.is\/um\/?page_id=29\">Lesa meira<\/a><\/span><\/p>\n","protected":false},"author":1,"featured_media":0,"parent":0,"menu_order":0,"comment_status":"closed","ping_status":"closed","template":"","meta":{"footnotes":""},"class_list":["post-29","page","type-page","status-publish","hentry"],"_links":{"self":[{"href":"https:\/\/skolapulsinn.is\/um\/index.php?rest_route=\/wp\/v2\/pages\/29","targetHints":{"allow":["GET"]}}],"collection":[{"href":"https:\/\/skolapulsinn.is\/um\/index.php?rest_route=\/wp\/v2\/pages"}],"about":[{"href":"https:\/\/skolapulsinn.is\/um\/index.php?rest_route=\/wp\/v2\/types\/page"}],"author":[{"embeddable":true,"href":"https:\/\/skolapulsinn.is\/um\/index.php?rest_route=\/wp\/v2\/users\/1"}],"replies":[{"embeddable":true,"href":"https:\/\/skolapulsinn.is\/um\/index.php?rest_route=%2Fwp%2Fv2%2Fcomments&post=29"}],"version-history":[{"count":9,"href":"https:\/\/skolapulsinn.is\/um\/index.php?rest_route=\/wp\/v2\/pages\/29\/revisions"}],"predecessor-version":[{"id":3453,"href":"https:\/\/skolapulsinn.is\/um\/index.php?rest_route=\/wp\/v2\/pages\/29\/revisions\/3453"}],"wp:attachment":[{"href":"https:\/\/skolapulsinn.is\/um\/index.php?rest_route=%2Fwp%2Fv2%2Fmedia&parent=29"}],"curies":[{"name":"wp","href":"https:\/\/api.w.org\/{rel}","templated":true}]}}