{"id":3673,"date":"2024-04-19T12:12:43","date_gmt":"2024-04-19T12:12:43","guid":{"rendered":"https:\/\/skolapulsinn.is\/um\/?page_id=3673"},"modified":"2025-07-28T17:15:22","modified_gmt":"2025-07-28T17:15:22","slug":"tveggja-thatta-audkenning","status":"publish","type":"page","link":"https:\/\/skolapulsinn.is\/um\/?page_id=3673","title":{"rendered":"Tveggja \u00fe\u00e1tta au\u00f0kenning"},"content":{"rendered":"\n<p><\/p>\n\n\n\n<p>Fr\u00e1 1. september 2024 mun innskr\u00e1ning \u00ed vefkerfi Sk\u00f3lap\u00falsins \/ V\u00edsra ranns\u00f3kna notast vi\u00f0 <strong>tveggja \u00fe\u00e1tta au\u00f0kenningu \u00ed sta\u00f0 rafr\u00e6nna skilr\u00edkja<\/strong>. \u00deetta er tilkomi\u00f0 vegna <a href=\"https:\/\/skolapulsinn.is\/um\/?p=3660\"><strong>breytts a\u00f0gengis a\u00f0 Stafr\u00e6nu \u00cdslandi<\/strong><\/a>.<\/p>\n\n\n\n<p><strong>Allir notendur ver\u00f0a \u00fev\u00ed a\u00f0 setja upp au\u00f0kenningarsm\u00e1forrit (app) \u00ed snjalls\u00edma til a\u00f0 skr\u00e1 sig inn \u00ed kerfi\u00f0 eigi s\u00ed\u00f0ar en <u>1. september n.k<\/u>. Fr\u00e1 og me\u00f0 <u>1. j\u00fan\u00ed<\/u> ver\u00f0ur einungis h\u00e6gt a\u00f0 sko\u00f0a ni\u00f0urst\u00f6\u00f0usk\u00fdrslur me\u00f0 \u00feessari n\u00fdju innskr\u00e1ningara\u00f0fer\u00f0. <\/strong><\/p>\n\n\n\n<p>\u00deessi breyting er einf\u00f6ld \u00ed uppsetningu og tekur \u00f6rf\u00e1ar m\u00edn\u00fatur. <u>H\u00e6gt er a\u00f0 virkja tveggja \u00fe\u00e1tta au\u00f0kenningu hvern\u00e6r sem er, og hvetjum vi\u00f0 ykkur til a\u00f0 huga a\u00f0 \u00fev\u00ed fyrr en s\u00ed\u00f0ar<\/u>.<\/p>\n\n\n\n<p><\/p>\n\n\n\n<p><\/p>\n\n\n\n<p><strong>Lei\u00f0beiningar fyrir uppsetningu og notkun:<\/strong><\/p>\n\n\n\n<p>\u00deegar notendur hafa virkja\u00f0 tveggja \u00fe\u00e1tta au\u00f0kenningu inni \u00e1 vefsv\u00e6\u00f0i Sk\u00f3lap\u00falsins \u00feurfa \u00feeir framvegis a\u00f0 skr\u00e1 sig inn me\u00f0 \u00fev\u00ed a\u00f0 setja inn t\u00f6lvup\u00f3st, lykilor\u00f0 og 6 t\u00f6lustafi sem s\u00f3ttir eru \u00ed au\u00f0kenningarsm\u00e1forriti\u00f0. <\/p>\n\n\n\n<p>\u00deeir notendur, sem enn muna sitt gamla lykilor\u00f0 fyrir Sk\u00f3lap\u00falsinn, geta nota\u00f0 \u00fea\u00f0 \u00e1fram. \u00deeir sem hafa gleymt \u00fev\u00ed og \u00feeir sem einungis hafa nota\u00f0 rafr\u00e6n skilr\u00edki vi\u00f0 innskr\u00e1ningu geta \u00f3ska\u00f0 eftir lykilor\u00f0i \u00e1 innskr\u00e1ningars\u00ed\u00f0unni <a href=\"https:\/\/nidurstodur.skolapulsinn.is\/account\/login?next=\/\"><strong>skolapulsinn.is<\/strong><\/a> me\u00f0 \u00fev\u00ed a\u00f0 smella \u00e1  \u201eN\u00fdtt lykilor\u00f0\u201c. <strong>Athugi\u00f0 a\u00f0 \u00fea\u00f0 er h\u00e6gt a\u00f0 skr\u00e1 sig inn \u00ed kerfi\u00f0 me\u00f0 einungis netfangi og lykilor\u00f0i en engar ni\u00f0urst\u00f6\u00f0usk\u00fdrslur n\u00e9 kannanir ver\u00f0a s\u00fdnilegar fyrr en tveggja \u00fe\u00e1tta au\u00f0kenning hefur veri\u00f0 virkju\u00f0 undir Stillingum<\/strong>.<\/p>\n\n\n\n<p>H\u00e6gt er a\u00f0 nota \u00fdmis au\u00f0kennissm\u00e1forrit \u00ed snjalls\u00edma, en fyrir \u00fe\u00e1 sem ekki nota sl\u00edk sm\u00e1forrit n\u00fa \u00feegar eru \u00edtarlegar lei\u00f0beiningar um hvernig \u00feau eru s\u00f3tt h\u00e9r a\u00f0 ne\u00f0an. \u00deetta \u00fearf einungis a\u00f0 gera <strong>einu sinni<\/strong>. <u>Athugi\u00f0 a\u00f0 \u00edslenska <em>Au\u00f0kenningarappi\u00f0 <\/em>er EKKI h\u00e6gt a\u00f0 nota \u00ed \u00feessum tilgangi<\/u>.<\/p>\n\n\n\n<p><\/p>\n\n\n\n<p><strong>Velji\u00f0 \u00fea\u00f0 sem vi\u00f0 \u00e1:<\/strong><\/p>\n\n\n\n<ul class=\"wp-block-list\"><li>Til a\u00f0 setja upp au\u00f0kennissm\u00e1forrit \u00ed <strong>Iphone <\/strong>s\u00edma, <strong><a href=\"https:\/\/skolapulsinn.is\/um\/?page_id=3715\">smelltu h\u00e9r<\/a><\/strong>.<\/li><li> Til a\u00f0 setja upp au\u00f0kennissm\u00e1forrit \u00ed <strong>Android <\/strong>s\u00edma, <strong><a href=\"https:\/\/skolapulsinn.is\/um\/?page_id=3791\">smelltu h\u00e9r<\/a><\/strong>. <\/li><\/ul>\n\n\n\n<p>\u00deau sem hafa n\u00fa \u00feegar sett upp au\u00f0kennissm\u00e1forrit skulu <a href=\"https:\/\/skolapulsinn.is\/um\/?page_id=3809\"><strong>smella h\u00e9r<\/strong><\/a>. <\/p>\n\n\n\n<p><\/p>\n\n\n\n<p><\/p>\n\n\n\n<p><\/p>\n\n\n\n<p><\/p>\n","protected":false},"excerpt":{"rendered":"<p>Fr\u00e1 1. september 2024 mun innskr\u00e1ning \u00ed vefkerfi Sk\u00f3lap\u00falsins \/ V\u00edsra ranns\u00f3kna notast vi\u00f0 tveggja \u00fe\u00e1tta au\u00f0kenningu \u00ed sta\u00f0 rafr\u00e6nna skilr\u00edkja. \u00deetta er tilkomi\u00f0 vegna breytts a\u00f0gengis a\u00f0 Stafr\u00e6nu \u00cdslandi. Allir notendur ver\u00f0a \u00fev\u00ed a\u00f0 setja upp au\u00f0kenningarsm\u00e1forrit (app) \u00ed <span class=\"readmore\"><a href=\"https:\/\/skolapulsinn.is\/um\/?page_id=3673\">Lesa meira<\/a><\/span><\/p>\n","protected":false},"author":7,"featured_media":0,"parent":0,"menu_order":0,"comment_status":"closed","ping_status":"closed","template":"","meta":{"footnotes":""},"class_list":["post-3673","page","type-page","status-publish","hentry"],"_links":{"self":[{"href":"https:\/\/skolapulsinn.is\/um\/index.php?rest_route=\/wp\/v2\/pages\/3673","targetHints":{"allow":["GET"]}}],"collection":[{"href":"https:\/\/skolapulsinn.is\/um\/index.php?rest_route=\/wp\/v2\/pages"}],"about":[{"href":"https:\/\/skolapulsinn.is\/um\/index.php?rest_route=\/wp\/v2\/types\/page"}],"author":[{"embeddable":true,"href":"https:\/\/skolapulsinn.is\/um\/index.php?rest_route=\/wp\/v2\/users\/7"}],"replies":[{"embeddable":true,"href":"https:\/\/skolapulsinn.is\/um\/index.php?rest_route=%2Fwp%2Fv2%2Fcomments&post=3673"}],"version-history":[{"count":46,"href":"https:\/\/skolapulsinn.is\/um\/index.php?rest_route=\/wp\/v2\/pages\/3673\/revisions"}],"predecessor-version":[{"id":3871,"href":"https:\/\/skolapulsinn.is\/um\/index.php?rest_route=\/wp\/v2\/pages\/3673\/revisions\/3871"}],"wp:attachment":[{"href":"https:\/\/skolapulsinn.is\/um\/index.php?rest_route=%2Fwp%2Fv2%2Fmedia&parent=3673"}],"curies":[{"name":"wp","href":"https:\/\/api.w.org\/{rel}","templated":true}]}}