{"id":3715,"date":"2024-04-24T14:20:16","date_gmt":"2024-04-24T14:20:16","guid":{"rendered":"https:\/\/skolapulsinn.is\/um\/?page_id=3715"},"modified":"2025-07-28T17:15:22","modified_gmt":"2025-07-28T17:15:22","slug":"uppsetning-audkennissmaforrits-fyrir-iphone","status":"publish","type":"page","link":"https:\/\/skolapulsinn.is\/um\/?page_id=3715","title":{"rendered":"Uppsetning au\u00f0kennissm\u00e1forrits fyrir Iphone"},"content":{"rendered":"\n<p><\/p>\n\n\n\n<p><strong>Skref 1: <\/strong>Fyrst \u00fearf a\u00f0 s\u00e6kja au\u00f0kennissm\u00e1forrit \u00ed snjalls\u00edma. D\u00e6mi um sm\u00e1forrit sem h\u00e6gt er a\u00f0 nota eru t.d. Microsoft Authenticator e\u00f0a Authy.  Athugi\u00f0 a\u00f0 \u00edslenska <em>Au\u00f0kennisappi\u00f0 <\/em>er <u>ekki<\/u> h\u00e6gt a\u00f0 nota \u00ed \u00feessum tilgangi.  Lei\u00f0beiningarnar h\u00e9r \u00e1 eftir mi\u00f0ast vi\u00f0 <u><strong>Microsoft Authenticator<\/strong><\/u>.  <br><\/p>\n\n\n\n<p><strong>Skref 2: <\/strong>Til a\u00f0 finna sm\u00e1forriti\u00f0 er h\u00e6gt a\u00f0 gera anna\u00f0 af eftirt\u00f6ldu:<\/p>\n\n\n\n<ul class=\"wp-block-list\"><li>Fari\u00f0 \u00ed App Store \u00e1 s\u00edmanum og skrifi\u00f0 Microsoft Authenticator \u00ed leitargluggann.  <\/li><li>E\u00d0A: Smelli\u00f0 \u00e1 \u00feennan hlekk til a\u00f0 skanna QR k\u00f3\u00f0a fyrir Iphone af vefs\u00ed\u00f0u Microsoft me\u00f0 myndav\u00e9linni \u00ed s\u00edmanum: <a href=\"https:\/\/www.microsoft.com\/en-us\/security\/mobile-authenticator-app#overview\" target=\"_blank\" rel=\"noreferrer noopener\" aria-label=\"https:\/\/www.microsoft.com\/en-us\/security\/mobile-authenticator-app#overview (opens in a new tab)\">https:\/\/www.microsoft.com\/en-us\/security\/mobile-authenticator-app#overview<\/a><br><\/li><\/ul>\n\n\n\n<p><strong>Skref 3: <\/strong>Smelli\u00f0 \u00e1 sk\u00fdi\u00f0 til a\u00f0 hla\u00f0a sm\u00e1forritinu ni\u00f0ur \u00ed s\u00edmann (Mynd 1). <\/p>\n\n\n\n<div class=\"wp-block-image\"><figure class=\"aligncenter is-resized\"><img loading=\"lazy\" decoding=\"async\" src=\"https:\/\/skolapulsinn.is\/um\/wp-content\/uploads\/2024\/04\/2fa-mynd-1a.png\" alt=\"\" class=\"wp-image-3757\" width=\"344\" height=\"362\" srcset=\"https:\/\/skolapulsinn.is\/um\/wp-content\/uploads\/2024\/04\/2fa-mynd-1a.png 459w, https:\/\/skolapulsinn.is\/um\/wp-content\/uploads\/2024\/04\/2fa-mynd-1a-286x300.png 286w\" sizes=\"auto, (max-width: 344px) 100vw, 344px\" \/><figcaption>Mynd 1<\/figcaption><\/figure><\/div>\n\n\n\n<p><strong>Skref 4<\/strong>: Smelli\u00f0 \u00e1 \u201eOpen\u201c \u00feegar ni\u00f0urhalinu er loki\u00f0 (Mynd 2).<\/p>\n\n\n\n<div class=\"wp-block-image\"><figure class=\"aligncenter is-resized\"><img loading=\"lazy\" decoding=\"async\" src=\"https:\/\/skolapulsinn.is\/um\/wp-content\/uploads\/2024\/04\/2fa-mynd-2a.png\" alt=\"\" class=\"wp-image-3760\" width=\"345\" height=\"370\" srcset=\"https:\/\/skolapulsinn.is\/um\/wp-content\/uploads\/2024\/04\/2fa-mynd-2a.png 460w, https:\/\/skolapulsinn.is\/um\/wp-content\/uploads\/2024\/04\/2fa-mynd-2a-280x300.png 280w\" sizes=\"auto, (max-width: 345px) 100vw, 345px\" \/><figcaption>Mynd 2<\/figcaption><\/figure><\/div>\n\n\n\n<p><strong>Skref 5:<\/strong> Velji\u00f0 \u201eAccept\u201c (Mynd 3). <\/p>\n\n\n\n<div class=\"wp-block-image\"><figure class=\"aligncenter is-resized\"><img loading=\"lazy\" decoding=\"async\" src=\"https:\/\/skolapulsinn.is\/um\/wp-content\/uploads\/2024\/04\/2fa-mynd-3a.png\" alt=\"\" class=\"wp-image-3761\" width=\"338\" height=\"563\" srcset=\"https:\/\/skolapulsinn.is\/um\/wp-content\/uploads\/2024\/04\/2fa-mynd-3a.png 450w, https:\/\/skolapulsinn.is\/um\/wp-content\/uploads\/2024\/04\/2fa-mynd-3a-180x300.png 180w\" sizes=\"auto, (max-width: 338px) 100vw, 338px\" \/><figcaption>Mynd 3<\/figcaption><\/figure><\/div>\n\n\n\n<p><strong>Skref 6<\/strong>: Velji\u00f0 \u201eContinue\u201c (Mynd 4).<\/p>\n\n\n\n<div class=\"wp-block-image\"><figure class=\"aligncenter is-resized\"><img loading=\"lazy\" decoding=\"async\" src=\"https:\/\/skolapulsinn.is\/um\/wp-content\/uploads\/2024\/04\/2fa-mynd-4a.png\" alt=\"\" class=\"wp-image-3762\" width=\"332\" height=\"572\" srcset=\"https:\/\/skolapulsinn.is\/um\/wp-content\/uploads\/2024\/04\/2fa-mynd-4a.png 442w, https:\/\/skolapulsinn.is\/um\/wp-content\/uploads\/2024\/04\/2fa-mynd-4a-174x300.png 174w\" sizes=\"auto, (max-width: 332px) 100vw, 332px\" \/><figcaption>Mynd 4<\/figcaption><\/figure><\/div>\n\n\n\n<p><strong>Skref 7<\/strong>: Velji\u00f0 valkostinn \u201eScan a QR code\u201c (Mynd 5).\n\n<\/p>\n\n\n\n<div class=\"wp-block-image\"><figure class=\"aligncenter is-resized\"><img loading=\"lazy\" decoding=\"async\" src=\"https:\/\/skolapulsinn.is\/um\/wp-content\/uploads\/2024\/04\/2fa-mynd-5a.png\" alt=\"\" class=\"wp-image-3763\" width=\"321\" height=\"574\" srcset=\"https:\/\/skolapulsinn.is\/um\/wp-content\/uploads\/2024\/04\/2fa-mynd-5a.png 428w, https:\/\/skolapulsinn.is\/um\/wp-content\/uploads\/2024\/04\/2fa-mynd-5a-168x300.png 168w\" sizes=\"auto, (max-width: 321px) 100vw, 321px\" \/><figcaption>Mynd 5<\/figcaption><\/figure><\/div>\n\n\n\n<p><strong>Skref 8<\/strong>: \u00de\u00e1 bi\u00f0ur sm\u00e1forriti\u00f0 um leyfi til a\u00f0 tengjast myndav\u00e9linni \u00ed s\u00edmanum. Smelli\u00f0 \u00e1 \u201e<strong>Allow<\/strong>\u201c til a\u00f0 heimila \u00fea\u00f0. <\/p>\n\n\n\n<p>Ef myndav\u00e9lin er almennt ekki stillt \u00feannig a\u00f0 tenging vi\u00f0 sm\u00e1forrit s\u00e9 heimilu\u00f0 \u00fearf a\u00f0 fara \u00ed \u201eSettings\u201c \u00ed s\u00edmanum, finna \u00fear Microsoft Authenticator Appi\u00f0, smella \u00fear og f\u00e6ra stikuna \u00fear sem stendur \u201eCamera\u201c svo h\u00fan ver\u00f0i gr\u00e6n. \u00de\u00e1 birtist myndav\u00e9largluggi (Mynd 6).<\/p>\n\n\n\n<div class=\"wp-block-image\"><figure class=\"aligncenter is-resized\"><img loading=\"lazy\" decoding=\"async\" src=\"https:\/\/skolapulsinn.is\/um\/wp-content\/uploads\/2024\/04\/2fa-mynd-6a.png\" alt=\"\" class=\"wp-image-3764\" width=\"347\" height=\"567\" srcset=\"https:\/\/skolapulsinn.is\/um\/wp-content\/uploads\/2024\/04\/2fa-mynd-6a.png 462w, https:\/\/skolapulsinn.is\/um\/wp-content\/uploads\/2024\/04\/2fa-mynd-6a-183x300.png 183w\" sizes=\"auto, (max-width: 347px) 100vw, 347px\" \/><figcaption>Mynd 6<\/figcaption><\/figure><\/div>\n\n\n\n<p><strong>Skref 9: <\/strong>Til a\u00f0 finna QR k\u00f3\u00f0ann til a\u00f0 skanna \u00ed myndav\u00e9larglugganum \u00fearf a\u00f0 skr\u00e1 sig inn \u00ed <u>\u00f6\u00f0ru t\u00e6ki en s\u00edmanum<\/u>, t.d. t\u00f6lvu, me\u00f0 <strong>netfangi og lykilor\u00f0i<\/strong> (h\u00e6gt er a\u00f0 skr\u00e1 sig inn \u00ed kerfi\u00f0 me\u00f0 \u00feeim h\u00e6tti til a\u00f0 virkja tveggja \u00fe\u00e1tta aukenninguna). H\u00e6gt er a\u00f0 smella \u00e1 \u201eN\u00fdtt lykilor\u00f0\u201c \u00e1 innskr\u00e1ningars\u00ed\u00f0unni til a\u00f0 b\u00faa sl\u00edkt til ellegar nota eldra lykilor\u00f0 fyrir \u00fe\u00e1 sem \u00fea\u00f0 muna enn.  <\/p>\n\n\n\n<p>Fari\u00f0 \u00ed Stillingar =&gt; Tveggja \u00fe\u00e1tta au\u00f0kenning. (Mynd 7).<br><\/p>\n\n\n\n<figure class=\"wp-block-image\"><img loading=\"lazy\" decoding=\"async\" width=\"915\" height=\"266\" src=\"https:\/\/skolapulsinn.is\/um\/wp-content\/uploads\/2024\/05\/Stillingar-2fa-1.png\" alt=\"\" class=\"wp-image-3782\" srcset=\"https:\/\/skolapulsinn.is\/um\/wp-content\/uploads\/2024\/05\/Stillingar-2fa-1.png 915w, https:\/\/skolapulsinn.is\/um\/wp-content\/uploads\/2024\/05\/Stillingar-2fa-1-300x87.png 300w, https:\/\/skolapulsinn.is\/um\/wp-content\/uploads\/2024\/05\/Stillingar-2fa-1-768x223.png 768w\" sizes=\"auto, (max-width: 915px) 100vw, 915px\" \/><figcaption>Mynd 7<\/figcaption><\/figure>\n\n\n\n<p>\u00dear er <strong>pers\u00f3nulegur QR k\u00f3\u00f0i<\/strong> sem beina \u00fearf myndav\u00e9larglugganum \u00ed s\u00edmanum a\u00f0. \u00deegar \u00fea\u00f0 er komi\u00f0, er tveggja \u00fe\u00e1tta au\u00f0kenning tilb\u00fain til notkunar (Mynd 8). <\/p>\n\n\n\n<div class=\"wp-block-image\"><figure class=\"aligncenter is-resized\"><img loading=\"lazy\" decoding=\"async\" src=\"https:\/\/skolapulsinn.is\/um\/wp-content\/uploads\/2024\/05\/tenging.png\" alt=\"\" class=\"wp-image-3813\" width=\"547\" height=\"435\" srcset=\"https:\/\/skolapulsinn.is\/um\/wp-content\/uploads\/2024\/05\/tenging.png 729w, https:\/\/skolapulsinn.is\/um\/wp-content\/uploads\/2024\/05\/tenging-300x239.png 300w\" sizes=\"auto, (max-width: 547px) 100vw, 547px\" \/><figcaption>Mynd 8<\/figcaption><\/figure><\/div>\n\n\n\n<p>\u00de\u00e1 hefur au\u00f0kenningarforriti\u00f0 tengst vefsv\u00e6\u00f0inu og 6 talna lykilor\u00f0 birtist \u00e1 skj\u00e1num (Mynd 9). <\/p>\n\n\n\n<div class=\"wp-block-image\"><figure class=\"aligncenter is-resized\"><img loading=\"lazy\" decoding=\"async\" src=\"https:\/\/skolapulsinn.is\/um\/wp-content\/uploads\/2024\/04\/2fa-mynd-6aa.png\" alt=\"\" class=\"wp-image-3772\" width=\"323\" height=\"545\" srcset=\"https:\/\/skolapulsinn.is\/um\/wp-content\/uploads\/2024\/04\/2fa-mynd-6aa.png 430w, https:\/\/skolapulsinn.is\/um\/wp-content\/uploads\/2024\/04\/2fa-mynd-6aa-178x300.png 178w\" sizes=\"auto, (max-width: 323px) 100vw, 323px\" \/><figcaption>Mynd 9<\/figcaption><\/figure><\/div>\n\n\n\n<p><strong>Skref 10: <\/strong>\u00deennan talnak\u00f3\u00f0a \u00fearf n\u00fa a\u00f0 setja inn \u00ed kassann sem er a\u00f0 finna undir QR k\u00f3\u00f0anum og smella \u00e1 <strong>Sta\u00f0festa tveggja \u00fe\u00e1tta au\u00f0kenningu<\/strong> (Mynd 10).<\/p>\n\n\n\n<div class=\"wp-block-image\"><figure class=\"aligncenter\"><img loading=\"lazy\" decoding=\"async\" width=\"387\" height=\"102\" src=\"https:\/\/skolapulsinn.is\/um\/wp-content\/uploads\/2024\/05\/sta\u00f0festa.png\" alt=\"\" class=\"wp-image-3837\" srcset=\"https:\/\/skolapulsinn.is\/um\/wp-content\/uploads\/2024\/05\/sta\u00f0festa.png 387w, https:\/\/skolapulsinn.is\/um\/wp-content\/uploads\/2024\/05\/sta\u00f0festa-300x79.png 300w\" sizes=\"auto, (max-width: 387px) 100vw, 387px\" \/><figcaption>Mynd 10<\/figcaption><\/figure><\/div>\n\n\n\n<p><u>\u00deetta 6 t\u00f6lustafa lykilor\u00f0, sem s\u00e9st \u00feegar sm\u00e1forriti\u00f0 er opna\u00f0, \u00fearf n\u00fa a\u00f0 nota vi\u00f0 hverja innskr\u00e1ningu \u00ed vefkerfi\u00f0 \u00e1samt netfangi og lykilor\u00f0i <\/u>(lykilor\u00f0i\u00f0 breytist \u00e1 30 sek\u00fandna fresti svo \u00fea\u00f0 \u00fearf ekki a\u00f0 leggja \u00e1 minni\u00f0 heldur s\u00e6kja \u00ed sm\u00e1forritinu hverju sinni).<\/p>\n","protected":false},"excerpt":{"rendered":"<p>Skref 1: Fyrst \u00fearf a\u00f0 s\u00e6kja au\u00f0kennissm\u00e1forrit \u00ed snjalls\u00edma. D\u00e6mi um sm\u00e1forrit sem h\u00e6gt er a\u00f0 nota eru t.d. Microsoft Authenticator e\u00f0a Authy. Athugi\u00f0 a\u00f0 \u00edslenska Au\u00f0kennisappi\u00f0 er ekki h\u00e6gt a\u00f0 nota \u00ed \u00feessum tilgangi. Lei\u00f0beiningarnar h\u00e9r \u00e1 eftir mi\u00f0ast <span class=\"readmore\"><a href=\"https:\/\/skolapulsinn.is\/um\/?page_id=3715\">Lesa meira<\/a><\/span><\/p>\n","protected":false},"author":7,"featured_media":0,"parent":0,"menu_order":0,"comment_status":"closed","ping_status":"closed","template":"","meta":{"footnotes":""},"class_list":["post-3715","page","type-page","status-publish","hentry"],"_links":{"self":[{"href":"https:\/\/skolapulsinn.is\/um\/index.php?rest_route=\/wp\/v2\/pages\/3715","targetHints":{"allow":["GET"]}}],"collection":[{"href":"https:\/\/skolapulsinn.is\/um\/index.php?rest_route=\/wp\/v2\/pages"}],"about":[{"href":"https:\/\/skolapulsinn.is\/um\/index.php?rest_route=\/wp\/v2\/types\/page"}],"author":[{"embeddable":true,"href":"https:\/\/skolapulsinn.is\/um\/index.php?rest_route=\/wp\/v2\/users\/7"}],"replies":[{"embeddable":true,"href":"https:\/\/skolapulsinn.is\/um\/index.php?rest_route=%2Fwp%2Fv2%2Fcomments&post=3715"}],"version-history":[{"count":37,"href":"https:\/\/skolapulsinn.is\/um\/index.php?rest_route=\/wp\/v2\/pages\/3715\/revisions"}],"predecessor-version":[{"id":3876,"href":"https:\/\/skolapulsinn.is\/um\/index.php?rest_route=\/wp\/v2\/pages\/3715\/revisions\/3876"}],"wp:attachment":[{"href":"https:\/\/skolapulsinn.is\/um\/index.php?rest_route=%2Fwp%2Fv2%2Fmedia&parent=3715"}],"curies":[{"name":"wp","href":"https:\/\/api.w.org\/{rel}","templated":true}]}}