{"id":3809,"date":"2024-05-06T15:00:33","date_gmt":"2024-05-06T15:00:33","guid":{"rendered":"https:\/\/skolapulsinn.is\/um\/?page_id=3809"},"modified":"2025-07-28T17:15:22","modified_gmt":"2025-07-28T17:15:22","slug":"tenging-audkennissmaforrits-vid-vefsvaedi-skolapulsins","status":"publish","type":"page","link":"https:\/\/skolapulsinn.is\/um\/?page_id=3809","title":{"rendered":"Tenging au\u00f0kennissm\u00e1forrits vi\u00f0 vefsv\u00e6\u00f0i Sk\u00f3lap\u00falsins"},"content":{"rendered":"\n<p>Hafi au\u00f0kennisforrit \u00e1 bor\u00f0 vi\u00f0 <u><strong>Microsoft Authenticator<\/strong><\/u><strong> <\/strong>e\u00f0a <u><strong>Authy<\/strong><\/u> \u00feegar veri\u00f0 sett upp \u00e1 s\u00edmanum \u00fearf einungis a\u00f0 finna finna QR k\u00f3\u00f0a \u00e1 vefsv\u00e6\u00f0i vi\u00f0komandi notanda hj\u00e1 Sk\u00f3lap\u00falsinum til a\u00f0 skanna og b\u00faa til tengingu vi\u00f0 au\u00f0kennissm\u00e1forriti\u00f0. \u00deetta \u00fearf einungis a\u00f0 gera <u>einu sinni<\/u>. Athugi\u00f0 a\u00f0 \u00edslenska <em>Au\u00f0kennisappi\u00f0 <\/em>er <u>ekki<\/u> h\u00e6gt a\u00f0 nota \u00ed \u00feessum tilgangi.  <\/p>\n\n\n\n<p><strong>Skref 1:<\/strong> Skr\u00e1\u00f0u \u00feig inn \u00e1 <strong>www.skolapulsinn.is<\/strong> \u00ed <u>\u00f6\u00f0ru t\u00e6ki en \u00e1 s\u00edmanum<\/u>, t.d. t\u00f6lvu, me\u00f0 <strong>netfangi og lykilor\u00f0i<\/strong> (h\u00e6gt er a\u00f0 skr\u00e1 sig inn \u00ed kerfi\u00f0 me\u00f0 \u00feeim h\u00e6tti til a\u00f0 virkja tveggja \u00fe\u00e1tta aukenninguna). H\u00e6gt er a\u00f0 smella \u00e1 \u201eN\u00fdtt lykilor\u00f0\u201c \u00e1 innskr\u00e1ningars\u00ed\u00f0unni til a\u00f0 b\u00faa sl\u00edkt til ellegar nota eldra lykilor\u00f0 fyrir \u00fe\u00e1 sem \u00fea\u00f0 muna enn. <\/p>\n\n\n\n<p><strong>Skref 2:<\/strong> Fari\u00f0 \u00ed Stillingar =&gt; Tveggja \u00fe\u00e1tta au\u00f0kenning. (Mynd 1).<br><\/p>\n\n\n\n<figure class=\"wp-block-image\"><img loading=\"lazy\" decoding=\"async\" width=\"915\" height=\"266\" src=\"https:\/\/skolapulsinn.is\/um\/wp-content\/uploads\/2024\/05\/Stillingar-2fa-1.png\" alt=\"\" class=\"wp-image-3782\" srcset=\"https:\/\/skolapulsinn.is\/um\/wp-content\/uploads\/2024\/05\/Stillingar-2fa-1.png 915w, https:\/\/skolapulsinn.is\/um\/wp-content\/uploads\/2024\/05\/Stillingar-2fa-1-300x87.png 300w, https:\/\/skolapulsinn.is\/um\/wp-content\/uploads\/2024\/05\/Stillingar-2fa-1-768x223.png 768w\" sizes=\"auto, (max-width: 915px) 100vw, 915px\" \/><figcaption>Mynd 1<\/figcaption><\/figure>\n\n\n\n<p><strong>Skref 3: <\/strong>\u00de\u00e1 blasir vi\u00f0 <strong>pers\u00f3nulegur QR k\u00f3\u00f0i<\/strong> (Mynd 2). <\/p>\n\n\n\n<div class=\"wp-block-image\"><figure class=\"aligncenter is-resized\"><img loading=\"lazy\" decoding=\"async\" src=\"https:\/\/skolapulsinn.is\/um\/wp-content\/uploads\/2024\/05\/qr-mynd-2.png\" alt=\"\" class=\"wp-image-3789\" width=\"443\" height=\"221\" srcset=\"https:\/\/skolapulsinn.is\/um\/wp-content\/uploads\/2024\/05\/qr-mynd-2.png 591w, https:\/\/skolapulsinn.is\/um\/wp-content\/uploads\/2024\/05\/qr-mynd-2-300x150.png 300w\" sizes=\"auto, (max-width: 443px) 100vw, 443px\" \/><figcaption>Mynd 2<\/figcaption><\/figure><\/div>\n\n\n\n<p><strong>Skref 4<\/strong>: Finni\u00f0 au\u00f0kennissm\u00e1forriti\u00f0 \u00ed s\u00edmanum (s.s. Microsoft Authenticator e\u00f0a Authy) og velji\u00f0 \u201e<strong>Add user<\/strong>\u201c e\u00f0a smelli\u00f0 \u00e1 <strong>pl\u00fasmerki\u00f0<\/strong>, \u00feetta getur veri\u00f0 mismunandi eftir forritum en \u00ed Microsoft Authenticator er \u00fea\u00f0 pl\u00fasmerki \u00ed efra horni til h\u00e6gri (Mynd 3). <\/p>\n\n\n\n<div class=\"wp-block-image\"><figure class=\"aligncenter is-resized\"><img loading=\"lazy\" decoding=\"async\" src=\"https:\/\/skolapulsinn.is\/um\/wp-content\/uploads\/2024\/05\/pl\u00fas-merki.png\" alt=\"\" class=\"wp-image-3810\" width=\"325\" height=\"80\" srcset=\"https:\/\/skolapulsinn.is\/um\/wp-content\/uploads\/2024\/05\/pl\u00fas-merki.png 433w, https:\/\/skolapulsinn.is\/um\/wp-content\/uploads\/2024\/05\/pl\u00fas-merki-300x73.png 300w\" sizes=\"auto, (max-width: 325px) 100vw, 325px\" \/><figcaption>Mynd 3<\/figcaption><\/figure><\/div>\n\n\n\n<p><strong>Skref 4:<\/strong> Velji\u00f0 \u201eOther (Google, Facebook, etc.)\u201c (Mynd 4). <\/p>\n\n\n\n<div class=\"wp-block-image\"><figure class=\"aligncenter\"><img loading=\"lazy\" decoding=\"async\" width=\"297\" height=\"241\" src=\"https:\/\/skolapulsinn.is\/um\/wp-content\/uploads\/2024\/05\/other-account.png\" alt=\"\" class=\"wp-image-3811\"\/><figcaption>Mynd 4<\/figcaption><\/figure><\/div>\n\n\n\n<p><strong>Skref 5<\/strong>: \u00de\u00e1 opnast myndav\u00e9largluggi sem \u00fearf a\u00f0 beina a\u00f0 QR k\u00f3\u00f0anum \u00e1 vefsv\u00e6\u00f0i Sk\u00f3lap\u00falsins sbr. skref 3. (Mynd 5).<\/p>\n\n\n\n<figure class=\"wp-block-image\"><img loading=\"lazy\" decoding=\"async\" width=\"729\" height=\"580\" src=\"https:\/\/skolapulsinn.is\/um\/wp-content\/uploads\/2024\/05\/tenging.png\" alt=\"\" class=\"wp-image-3813\" srcset=\"https:\/\/skolapulsinn.is\/um\/wp-content\/uploads\/2024\/05\/tenging.png 729w, https:\/\/skolapulsinn.is\/um\/wp-content\/uploads\/2024\/05\/tenging-300x239.png 300w\" sizes=\"auto, (max-width: 729px) 100vw, 729px\" \/><figcaption>Mynd 5<\/figcaption><\/figure>\n\n\n\n<p>\u00deegar tengingu hefur veri\u00f0 komi\u00f0 \u00e1 er tveggja \u00fe\u00e1tta au\u00f0kenning tilb\u00fain til notkunar og 6 talna lykilor\u00f0 birtist \u00e1 skj\u00e1num (Mynd 6).<\/p>\n\n\n\n<div class=\"wp-block-image\"><figure class=\"aligncenter is-resized\"><img loading=\"lazy\" decoding=\"async\" src=\"https:\/\/skolapulsinn.is\/um\/wp-content\/uploads\/2024\/04\/2fa-mynd-6aa.png\" alt=\"\" class=\"wp-image-3772\" width=\"323\" height=\"545\" srcset=\"https:\/\/skolapulsinn.is\/um\/wp-content\/uploads\/2024\/04\/2fa-mynd-6aa.png 430w, https:\/\/skolapulsinn.is\/um\/wp-content\/uploads\/2024\/04\/2fa-mynd-6aa-178x300.png 178w\" sizes=\"auto, (max-width: 323px) 100vw, 323px\" \/><figcaption>Mynd 6<\/figcaption><\/figure><\/div>\n\n\n\n<p><strong>Skref 6: <\/strong>\u00deennan talnak\u00f3\u00f0a \u00fearf n\u00fa a\u00f0 setja inn \u00ed kassann sem er a\u00f0 finna undir QR k\u00f3\u00f0anum og smella \u00e1 <strong>Sta\u00f0festa tveggja \u00fe\u00e1tta au\u00f0kenningu<\/strong> (Mynd 7).  <\/p>\n\n\n\n<div class=\"wp-block-image\"><figure class=\"aligncenter\"><img loading=\"lazy\" decoding=\"async\" width=\"387\" height=\"102\" src=\"https:\/\/skolapulsinn.is\/um\/wp-content\/uploads\/2024\/05\/sta\u00f0festa.png\" alt=\"\" class=\"wp-image-3837\" srcset=\"https:\/\/skolapulsinn.is\/um\/wp-content\/uploads\/2024\/05\/sta\u00f0festa.png 387w, https:\/\/skolapulsinn.is\/um\/wp-content\/uploads\/2024\/05\/sta\u00f0festa-300x79.png 300w\" sizes=\"auto, (max-width: 387px) 100vw, 387px\" \/><figcaption>Mynd 7<\/figcaption><\/figure><\/div>\n\n\n\n<p><u>\u00deetta 6 t\u00f6lustafa lykilor\u00f0, sem s\u00e9st \u00feegar sm\u00e1forriti\u00f0 er opna\u00f0, \u00fearf n\u00fa a\u00f0 nota vi\u00f0 hverja innskr\u00e1ningu \u00ed vefkerfi\u00f0 \u00e1samt netfangi og lykilor\u00f0i <\/u>(lykilor\u00f0i\u00f0 breytist \u00e1 30 sek\u00fandna fresti svo \u00fea\u00f0 \u00fearf ekki a\u00f0 leggja \u00e1 minni\u00f0 heldur s\u00e6kja \u00ed sm\u00e1forritinu hverju sinni).<\/p>\n\n\n<p><!--EndFragment--><\/p>\n<p><\/p>","protected":false},"excerpt":{"rendered":"<p>Hafi au\u00f0kennisforrit \u00e1 bor\u00f0 vi\u00f0 Microsoft Authenticator e\u00f0a Authy \u00feegar veri\u00f0 sett upp \u00e1 s\u00edmanum \u00fearf einungis a\u00f0 finna finna QR k\u00f3\u00f0a \u00e1 vefsv\u00e6\u00f0i vi\u00f0komandi notanda hj\u00e1 Sk\u00f3lap\u00falsinum til a\u00f0 skanna og b\u00faa til tengingu vi\u00f0 au\u00f0kennissm\u00e1forriti\u00f0. \u00deetta \u00fearf einungis <span class=\"readmore\"><a href=\"https:\/\/skolapulsinn.is\/um\/?page_id=3809\">Lesa meira<\/a><\/span><\/p>\n","protected":false},"author":7,"featured_media":0,"parent":0,"menu_order":0,"comment_status":"closed","ping_status":"closed","template":"","meta":{"footnotes":""},"class_list":["post-3809","page","type-page","status-publish","hentry"],"_links":{"self":[{"href":"https:\/\/skolapulsinn.is\/um\/index.php?rest_route=\/wp\/v2\/pages\/3809","targetHints":{"allow":["GET"]}}],"collection":[{"href":"https:\/\/skolapulsinn.is\/um\/index.php?rest_route=\/wp\/v2\/pages"}],"about":[{"href":"https:\/\/skolapulsinn.is\/um\/index.php?rest_route=\/wp\/v2\/types\/page"}],"author":[{"embeddable":true,"href":"https:\/\/skolapulsinn.is\/um\/index.php?rest_route=\/wp\/v2\/users\/7"}],"replies":[{"embeddable":true,"href":"https:\/\/skolapulsinn.is\/um\/index.php?rest_route=%2Fwp%2Fv2%2Fcomments&post=3809"}],"version-history":[{"count":11,"href":"https:\/\/skolapulsinn.is\/um\/index.php?rest_route=\/wp\/v2\/pages\/3809\/revisions"}],"predecessor-version":[{"id":3873,"href":"https:\/\/skolapulsinn.is\/um\/index.php?rest_route=\/wp\/v2\/pages\/3809\/revisions\/3873"}],"wp:attachment":[{"href":"https:\/\/skolapulsinn.is\/um\/index.php?rest_route=%2Fwp%2Fv2%2Fmedia&parent=3809"}],"curies":[{"name":"wp","href":"https:\/\/api.w.org\/{rel}","templated":true}]}}