{"id":394,"date":"2009-08-24T22:11:58","date_gmt":"2009-08-24T22:11:58","guid":{"rendered":"http:\/\/skolapulsinn.is\/um\/?page_id=394"},"modified":"2025-07-28T17:14:56","modified_gmt":"2025-07-28T17:14:56","slug":"urtok","status":"publish","type":"page","link":"https:\/\/skolapulsinn.is\/um\/?page_id=394","title":{"rendered":"\u00dart\u00f6k nemendak\u00f6nnunar"},"content":{"rendered":"<p><!--:IS--><strong>M\u00e1na\u00f0arleg \u00fart\u00f6k fyrir nemendak\u00f6nnun \u00ed 6.-10. bekk<\/strong><\/p>\n<p>Spurningalisti er lag\u00f0ur fyrir m\u00e1na\u00f0arleg \u00fart\u00f6k u.\u00fe.b. 40 nemenda. St\u00e6r\u00f0 og fj\u00f6ldi \u00fartaka yfir sk\u00f3la\u00e1ri\u00f0 r\u00e6\u00f0st af st\u00e6r\u00f0 sk\u00f3lans og er \u00e1kve\u00f0inn \u00ed upphafi sk\u00f3la\u00e1rs \u00feegar nemendalisti liggur fyrir. L\u00e1gmarksfj\u00f6ldi nemenda fyrir \u00fe\u00e1ttt\u00f6ku eru 5 nemendur samtals sem svara spurningalistanum. <strong>\u00cd lok sk\u00f3la\u00e1rsins hafa allir nemendur sk\u00f3lans svara\u00f0 listanum.<\/strong>\u00a0Eina undantekningin eru sk\u00f3lar me\u00f0 fleiri en 400 nemendur \u00ed 6.-10.bekk. \u00dear er 40 nemenda \u00fartak fyrir hvern m\u00e1nu\u00f0 l\u00e1ti\u00f0 n\u00e6gja.<\/p>\n<p>Fyrir sk\u00f3la me\u00f0 5-119 nemendur eru tveir \u00fartaksm\u00e1nu\u00f0ir hvert sk\u00f3la\u00e1r, okt\u00f3ber og apr\u00edl. \u00cd sk\u00f3lum me\u00f0 fleiri nemendur eru \u00fartaksm\u00e1nu\u00f0ir eftirfarandi:<\/p>\n<table border=\"0\" width=\"486\" cellspacing=\"0\" cellpadding=\"0\">\n<colgroup span=\"1\">\n<col span=\"1\" width=\"105\" \/>\n<col span=\"1\" width=\"108\" \/>\n<col span=\"1\" width=\"273\" \/> <\/colgroup>\n<tbody>\n<tr>\n<td width=\"105\" height=\"17\">Fj. nem.<\/td>\n<td width=\"108\">Fj. \u00fartaka<\/td>\n<td width=\"273\">\u00dartaksm\u00e1nu\u00f0ir<\/td>\n<\/tr>\n<tr>\n<td height=\"17\">5-119<\/td>\n<td>2<\/td>\n<td>okt og apr<\/td>\n<\/tr>\n<tr>\n<td height=\"17\">120-159<\/td>\n<td>3<\/td>\n<td>sep, jan og ma\u00ed<\/td>\n<\/tr>\n<tr>\n<td height=\"17\">160-199<\/td>\n<td>4<\/td>\n<td>okt, des, feb og apr<\/td>\n<\/tr>\n<tr>\n<td height=\"17\">200-239<\/td>\n<td>5<\/td>\n<td>sep, n\u00f3v, jan, mar og ma\u00ed<\/td>\n<\/tr>\n<tr>\n<td height=\"17\">240-279<\/td>\n<td>6<\/td>\n<td>okt, n\u00f3v, des, feb, mar og apr<\/td>\n<\/tr>\n<tr>\n<td height=\"17\">280-319<\/td>\n<td>7<\/td>\n<td>sep, n\u00f3v, des, jan, feb, mar og ma\u00ed<\/td>\n<\/tr>\n<tr>\n<td height=\"17\">320-359<\/td>\n<td>8<\/td>\n<td>sep, okt, n\u00f3v, des, feb, mar, apr og\u00a0ma\u00ed<\/td>\n<\/tr>\n<tr>\n<td height=\"18\">360+<\/td>\n<td>9<\/td>\n<td>sep &#8211; ma\u00ed<\/td>\n<\/tr>\n<\/tbody>\n<\/table>\n<p>\u00dartaksm\u00e1nu\u00f0um er \u00feannig dreift jafnt yfir sk\u00f3la\u00e1ri\u00f0 til a\u00f0 h\u00e6gt s\u00e9 a\u00f0 fylgjast me\u00f0 \u00fer\u00f3un m\u00e1la jafnt og \u00fe\u00e9tt. Jafnframt ver\u00f0a heildarme\u00f0alt\u00f6l sk\u00f3la\u00e1rsins r\u00e9ttm\u00e6tari \u00fear sem a\u00f0 m\u00e6lingunum hefur veri\u00f0 dreift jafnt yfir sk\u00f3la\u00e1ri\u00f0.<\/p>\n<p><strong>Uppl\u00fdsingar um \u00fart\u00f6k, svarhlutfall og s\u00edun svara<\/strong><\/p>\n<p>S\u00edun svara eftir\u00a0 m\u00f3ts\u00f6gnum og mj\u00f6g stuttum svart\u00edma er \u00e6tla\u00f0 a\u00f0 b\u00e6ta \u00e1rei\u00f0anleika og r\u00e9ttm\u00e6ti kvar\u00f0anna me\u00f0 \u00fev\u00ed a\u00f0 hafna sv\u00f6rum nemenda sem taka spurningalistann ekki alvarlega og gefa ekki upp r\u00e9ttar uppl\u00fdsingar. Me\u00f0alt\u00f6l sk\u00f3lanna ver\u00f0a n\u00e1kv\u00e6mari \u00feegar ekki eru reiknu\u00f0 me\u00f0 sv\u00f6r nemanda sem eru uppv\u00edsir a\u00f0 \u00fev\u00ed a\u00f0 svara svara \u00ed \u00f3samr\u00e6mi vi\u00f0 sj\u00e1lfan sig \u00e1 tveimur \u00f3l\u00edkum spurningum e\u00f0a sko\u00f0a vi\u00f0komandi spurningasafn \u00ed \u00fea\u00f0 skamman t\u00edma a\u00f0 lj\u00f3st s\u00e9 a\u00f0 nemandinn hafi ekki geta\u00f0 lesi\u00f0 og skili\u00f0 allar spurningarnar.<\/p>\n<p>Greint er hva\u00f0a svarmynstur og \u00feversagnir eru algengastar \u00ed \u00fev\u00ed gagnasafni sem safna\u00f0 var \u00e1 sk\u00f3la\u00e1rinu. Me\u00f0 innbygg\u00f0um f\u00e6rsluskipunum eru s\u00edu\u00f0 \u00fat sv\u00f6r \u00feeirra nemenda sem af einhverjum \u00e1st\u00e6\u00f0um gefa upp uppl\u00fdsingar sem eru \u00f3l\u00edklegar til a\u00f0 vera r\u00e9ttar. Tv\u00e6r reglur eru settar:<\/p>\n<p><strong>A. \u00d3\u00e1rei\u00f0anlegt svarmynstur<br \/>\n<\/strong>Nemandi svarar \u00ed \u00f3samr\u00e6mi vi\u00f0 sj\u00e1lfan sig \u00e1 \u00feeim fj\u00f3rum kv\u00f6r\u00f0um sem hafa spurningar me\u00f0 b\u00e6\u00f0i neikv\u00e6tt og j\u00e1kv\u00e6tt or\u00f0alag.<\/p>\n<p>D\u00e6mi um \u00fea\u00f0 er kvar\u00f0inn <em>\u00c1n\u00e6gja af lestri. <\/em>Hann hefur 9 spurningar, 4 me\u00f0 j\u00e1kv\u00e6\u00f0u or\u00f0alagi og 5 me\u00f0 neikv\u00e6\u00f0u or\u00f0alagi \u00fear sem spurt er Hve \u00f3samm\u00e1la e\u00f0a samm\u00e1la ert \u00fe\u00fa eftirfarandi setningum um lestur.<\/p>\n<p>D\u00e6mi um j\u00e1kv\u00e6tt or\u00f0alag er:<br \/>\nLestur er eitt af upp\u00e1halds\u00e1hugam\u00e1lum m\u00ednum.<br \/>\nD\u00e6mi um neikv\u00e6tt or\u00f0alag er:<br \/>\n\u00c9g les bara \u00feegar \u00e9g ver\u00f0 a\u00f0 gera \u00fea\u00f0.<\/p>\n<p>Nemendur sem svara \u00f6llum spurningunum \u201eMj\u00f6g samm\u00e1la\u201c e\u00f0a \u201eMj\u00f6g \u00f3samm\u00e1la\u201c eru \u00ed greinilegri m\u00f3ts\u00f6gn vi\u00f0 sj\u00e1lfa sig \u00e1 \u00feessum kvar\u00f0a. \u00deeir lesa greinilega ekki spurningarnar og hafa svarst\u00edl sem r\u00fdrir r\u00e9ttm\u00e6ti me\u00f0altals sk\u00f3lans. Lj\u00f3st er a\u00f0 ekki er h\u00e6gt a\u00f0 treysta sv\u00f6rum nemanda me\u00f0 svo auglj\u00f3san svarst\u00edl og \u00feetta svarmynstur er meti\u00f0 \u00fea\u00f0 alvarlegt a\u00f0 \u00fea\u00f0 <em>\u00f3gildir sv\u00f6r nemandans \u00e1 \u00f6llum spurningalistanum<\/em>.<\/p>\n<p><strong>B. Of stuttur svart\u00edmi<\/strong><br \/>\nEftir forpr\u00f3funar\u00e1r 2008-9 kom \u00ed lj\u00f3s a\u00f0 dreifing svart\u00edma nemenda \u00e1 \u00f6llum spurningas\u00f6fnum var sko\u00f0a\u00f0ur kom \u00ed lj\u00f3s a\u00f0 f\u00e1mennur h\u00f3pur nemenda haf\u00f0i mj\u00f6g stuttan svart\u00edma sem lj\u00f3st er a\u00f0 ekki n\u00e6gir til a\u00f0 lesa yfir allar spurningarnar og svara \u00e1 \u00e1rei\u00f0anlegan h\u00e1tt. L\u00e1gmarkst\u00edmi til a\u00f0 svara k\u00f6nnuninni \u00e1ri\u00f0 2017-2018 voru 95 sek\u00fandur.<\/p>\n<p>&nbsp;<\/p>\n<p><!--:--><\/p>\n","protected":false},"excerpt":{"rendered":"<p>M\u00e1na\u00f0arleg \u00fart\u00f6k fyrir nemendak\u00f6nnun \u00ed 6.-10. bekk Spurningalisti er lag\u00f0ur fyrir m\u00e1na\u00f0arleg \u00fart\u00f6k u.\u00fe.b. 40 nemenda. St\u00e6r\u00f0 og fj\u00f6ldi \u00fartaka yfir sk\u00f3la\u00e1ri\u00f0 r\u00e6\u00f0st af st\u00e6r\u00f0 sk\u00f3lans og er \u00e1kve\u00f0inn \u00ed upphafi sk\u00f3la\u00e1rs \u00feegar nemendalisti liggur fyrir. L\u00e1gmarksfj\u00f6ldi nemenda fyrir \u00fe\u00e1ttt\u00f6ku <span class=\"readmore\"><a href=\"https:\/\/skolapulsinn.is\/um\/?page_id=394\">Lesa meira<\/a><\/span><\/p>\n","protected":false},"author":1,"featured_media":0,"parent":29,"menu_order":0,"comment_status":"closed","ping_status":"open","template":"","meta":{"footnotes":""},"class_list":["post-394","page","type-page","status-publish","hentry"],"_links":{"self":[{"href":"https:\/\/skolapulsinn.is\/um\/index.php?rest_route=\/wp\/v2\/pages\/394","targetHints":{"allow":["GET"]}}],"collection":[{"href":"https:\/\/skolapulsinn.is\/um\/index.php?rest_route=\/wp\/v2\/pages"}],"about":[{"href":"https:\/\/skolapulsinn.is\/um\/index.php?rest_route=\/wp\/v2\/types\/page"}],"author":[{"embeddable":true,"href":"https:\/\/skolapulsinn.is\/um\/index.php?rest_route=\/wp\/v2\/users\/1"}],"replies":[{"embeddable":true,"href":"https:\/\/skolapulsinn.is\/um\/index.php?rest_route=%2Fwp%2Fv2%2Fcomments&post=394"}],"version-history":[{"count":9,"href":"https:\/\/skolapulsinn.is\/um\/index.php?rest_route=\/wp\/v2\/pages\/394\/revisions"}],"predecessor-version":[{"id":2652,"href":"https:\/\/skolapulsinn.is\/um\/index.php?rest_route=\/wp\/v2\/pages\/394\/revisions\/2652"}],"up":[{"embeddable":true,"href":"https:\/\/skolapulsinn.is\/um\/index.php?rest_route=\/wp\/v2\/pages\/29"}],"wp:attachment":[{"href":"https:\/\/skolapulsinn.is\/um\/index.php?rest_route=%2Fwp%2Fv2%2Fmedia&parent=394"}],"curies":[{"name":"wp","href":"https:\/\/api.w.org\/{rel}","templated":true}]}}