{"id":4118,"date":"2025-07-28T20:48:23","date_gmt":"2025-07-28T20:48:23","guid":{"rendered":"https:\/\/skolapulsinn.is\/um\/?page_id=4118"},"modified":"2025-07-28T21:05:25","modified_gmt":"2025-07-28T21:05:25","slug":"skolavogin","status":"publish","type":"page","link":"https:\/\/skolapulsinn.is\/um\/?page_id=4118","title":{"rendered":"Sk\u00f3lavogin"},"content":{"rendered":"\n<p>Innskr\u00e1ning \u00ed Sk\u00f3lavogina fer fram \u00e1 s\u00ed\u00f0unni: <a href=\"https:\/\/nidurstodur.skolavogin.is\/\">https:\/\/nidurstodur.skolavogin.is\/<\/a><\/p>\n\n\n\n<p>Sk\u00f3lavogin var sett \u00e1 laggirnar sem tilraunaverkefni af h\u00e1lfu Sambands \u00edslenskra sveitarf\u00e9laga \u00ed samstarfi vi\u00f0 valin sveitarf\u00e9l\u00f6g \u00e1ri\u00f0 2007. Sk\u00f3lavogin skilar samanbur\u00f0i \u00e1 vi\u00f0horfi nemenda, foreldra og kennara \u00ed grunnsk\u00f3lum, \u00e1rangri nemenda og \u00fdmsum rekstraruppl\u00fdsingum.&nbsp; Sk\u00f3lavogin er t\u00e6ki sem n\u00fdtist sveitarf\u00e9l\u00f6gum vi\u00f0 a\u00f0 koma til m\u00f3ts vi\u00f0 l\u00f6gbundnar kr\u00f6fur um mat og eftirlit me\u00f0 sk\u00f3lum \u00e1samt \u00fev\u00ed a\u00f0 veita gagnlegar uppl\u00fdsingar vegna \u00fathlutunar fj\u00e1rmagns til sk\u00f3la.<\/p>\n\n\n\n<p>Vefkerfi Sk\u00f3lap\u00falsins h\u00fdsir b\u00e6\u00f0i Sk\u00f3lap\u00falsinn og Sk\u00f3lavogina.\u00a0 \u00de\u00e1tttaka \u00ed Sk\u00f3lavog felur ekki \u00ed s\u00e9r sj\u00e1lfst\u00e6\u00f0ar vi\u00f0horfakannanir, en ni\u00f0urst\u00f6\u00f0ur \u00far Sk\u00f3lap\u00falsinum ver\u00f0a n\u00fdttar inn \u00ed Sk\u00f3lavogina. Samningsa\u00f0ilar telja samn\u00fdtingu ni\u00f0ursta\u00f0na mikinn kost \u00fear sem h\u00fan kemur \u00ed veg fyrir tv\u00edverkna\u00f0 og auki\u00f0 \u00e1lag \u00e1 sk\u00f3lastarf. Fagleg st\u00fdring Sk\u00f3lavogarinnar var \u00e1 hendi verkefnisstj\u00f3rnar, sem Samband \u00edslenskra Sveitarf\u00e9laga haf\u00f0i forg\u00f6ngu um a\u00f0 stofna me\u00f0 formlegum h\u00e6tti. Verkefnisstj\u00f3rnin var vettvangur fyrir samr\u00e1\u00f0 og \u00fer\u00f3unarstarf og s\u00e1tu fundi hennar s\u00e9rfr\u00e6\u00f0ingar Sk\u00f3lap\u00falsins og sambandsins. Einnig var leita\u00f0 til s\u00e9rfr\u00e6\u00f0inga og forsvarsmanna sveitarf\u00e9laga um a\u00f0 sitja \u00ed verkefnisstj\u00f3rninni. Verefnastj\u00f3rnin hefur loki\u00f0 st\u00f6rfum.<\/p>\n\n\n\n<p>V\u00edsar ranns\u00f3knir ehf. innheimtir \u00e1skriftargj\u00f6ld af sveitarf\u00e9l\u00f6gum og er \u00e1skriftargj\u00f6ldum \u00e6tla\u00f0 a\u00f0 standa straum af kostna\u00f0i vi\u00f0 \u00fer\u00f3un, rekstur og uppbyggingu Sk\u00f3lavogarinnar. \u00c1skriftargj\u00f6ld eru annars vegar \u00e1rgjald og hins vegar gjald fyrir \u00fe\u00e6r reglubundnu kannanir sem eru uppista\u00f0an \u00ed gagna\u00f6flun Sk\u00f3lavogarinnar.<\/p>\n\n\n\n<p><\/p>\n","protected":false},"excerpt":{"rendered":"<p>Innskr\u00e1ning \u00ed Sk\u00f3lavogina fer fram \u00e1 s\u00ed\u00f0unni: https:\/\/nidurstodur.skolavogin.is\/ Sk\u00f3lavogin var sett \u00e1 laggirnar sem tilraunaverkefni af h\u00e1lfu Sambands \u00edslenskra sveitarf\u00e9laga \u00ed samstarfi vi\u00f0 valin sveitarf\u00e9l\u00f6g \u00e1ri\u00f0 2007. Sk\u00f3lavogin skilar samanbur\u00f0i \u00e1 vi\u00f0horfi nemenda, foreldra og kennara \u00ed grunnsk\u00f3lum, \u00e1rangri nemenda <span class=\"readmore\"><a href=\"https:\/\/skolapulsinn.is\/um\/?page_id=4118\">Lesa meira<\/a><\/span><\/p>\n","protected":false},"author":2,"featured_media":0,"parent":98,"menu_order":0,"comment_status":"closed","ping_status":"closed","template":"","meta":{"footnotes":""},"class_list":["post-4118","page","type-page","status-publish","hentry"],"_links":{"self":[{"href":"https:\/\/skolapulsinn.is\/um\/index.php?rest_route=\/wp\/v2\/pages\/4118","targetHints":{"allow":["GET"]}}],"collection":[{"href":"https:\/\/skolapulsinn.is\/um\/index.php?rest_route=\/wp\/v2\/pages"}],"about":[{"href":"https:\/\/skolapulsinn.is\/um\/index.php?rest_route=\/wp\/v2\/types\/page"}],"author":[{"embeddable":true,"href":"https:\/\/skolapulsinn.is\/um\/index.php?rest_route=\/wp\/v2\/users\/2"}],"replies":[{"embeddable":true,"href":"https:\/\/skolapulsinn.is\/um\/index.php?rest_route=%2Fwp%2Fv2%2Fcomments&post=4118"}],"version-history":[{"count":4,"href":"https:\/\/skolapulsinn.is\/um\/index.php?rest_route=\/wp\/v2\/pages\/4118\/revisions"}],"predecessor-version":[{"id":4126,"href":"https:\/\/skolapulsinn.is\/um\/index.php?rest_route=\/wp\/v2\/pages\/4118\/revisions\/4126"}],"up":[{"embeddable":true,"href":"https:\/\/skolapulsinn.is\/um\/index.php?rest_route=\/wp\/v2\/pages\/98"}],"wp:attachment":[{"href":"https:\/\/skolapulsinn.is\/um\/index.php?rest_route=%2Fwp%2Fv2%2Fmedia&parent=4118"}],"curies":[{"name":"wp","href":"https:\/\/api.w.org\/{rel}","templated":true}]}}