{"id":460,"date":"2009-10-13T09:30:18","date_gmt":"2009-10-13T09:30:18","guid":{"rendered":"http:\/\/skolapulsinn.is\/um\/?page_id=460"},"modified":"2025-07-28T17:13:59","modified_gmt":"2025-07-28T17:13:59","slug":"um-kvardana","status":"publish","type":"page","link":"https:\/\/skolapulsinn.is\/um\/?page_id=460","title":{"rendered":"Um kvar\u00f0ana"},"content":{"rendered":"<p>Uppl\u00fdsingar um mat\u00fe\u00e6tti hverrar k\u00f6nnunar er a\u00f0 finna \u00e1 lei\u00f0beiningars\u00ed\u00f0u hverrar k\u00f6nnunar (t.d. <a title=\"Nemendak\u00f6nnun\" href=\"http:\/\/skolapulsinn.is\/um\/?page_id=1502\">Grunnsk\u00f3lar &#8211; Nemendak\u00f6nnun<\/a>)<\/p>\n<p>Nokkur atri\u00f0i ber a\u00f0 hafa \u00ed huga vi\u00f0 t\u00falkun kvar\u00f0a\u00a0\u00far Sk\u00f3lap\u00falsinum:<\/p>\n<p><em>1. Ni\u00f0urst\u00f6\u00f0urnar eru \u00e1rei\u00f0anlegar \u00fev\u00ed \u00fe\u00e6r eru bygg\u00f0ar \u00e1 s\u00edu\u00f0um g\u00f6gnum \u00fear sem \u00f3\u00e1rei\u00f0anleg sv\u00f6r hafa veri\u00f0 s\u00ed\u00f0u\u00f0 burt vegna \u00feversagna \u00ed sv\u00f6rum og \u00f3e\u00f0lilega skamms svart\u00edma.<\/em><\/p>\n<p><em>2. \u00c1rei\u00f0anleiki kvar\u00f0anna hefur veri\u00f0 pr\u00f3fa\u00f0ur me\u00f0 sta\u00f0festandi \u00fe\u00e1tttagreiningu (Confirmatory Factor Analysis) og \u00feeir a\u00f0laga\u00f0ir a\u00f0 \u00fe\u00f6rfum notenda og nemendah\u00f3pnum.\u00a0<\/em><\/p>\n<p><em>3. Sk\u00f3lar sem taka \u00fe\u00e1tt fr\u00e1 \u00e1ri til \u00e1rs geta sko\u00f0a\u00f0 ni\u00f0urst\u00f6\u00f0ur fyrri \u00e1ra me\u00f0 \u00fev\u00ed a\u00f0 smella \u00e1 vi\u00f0komandi \u00e1rtal \u00e1 s\u00ed\u00f0u hvers kvar\u00f0a.<\/em><\/p>\n<p><em>4. Landsme\u00f0altalsl\u00ednan er reiknu\u00f0 fyrir hvern m\u00e1nu\u00f0 fyrir sig og vigtu\u00f0 samkv\u00e6mt uppl\u00fdsingum um st\u00e6r\u00f0 hvers sk\u00f3la fyrir sig.\u00a0<\/em><\/p>\n<p><em>5. \u00deegar n\u00e6gilega margir nemendur hafa svara\u00f0 birtast ni\u00f0urst\u00f6\u00f0urnar sj\u00e1lfkrafa eftir kyni og eftir \u00e1rgangi \u00ed s\u00faluritum fyrir ne\u00f0an l\u00ednurit hvers kvar\u00f0a, me\u00f0 samanbur\u00f0i vi\u00f0 landsme\u00f0alt\u00f6l.<\/em><\/p>\n<p><!--:--><\/p>\n","protected":false},"excerpt":{"rendered":"<p>Uppl\u00fdsingar um mat\u00fe\u00e6tti hverrar k\u00f6nnunar er a\u00f0 finna \u00e1 lei\u00f0beiningars\u00ed\u00f0u hverrar k\u00f6nnunar (t.d. Grunnsk\u00f3lar &#8211; Nemendak\u00f6nnun) Nokkur atri\u00f0i ber a\u00f0 hafa \u00ed huga vi\u00f0 t\u00falkun kvar\u00f0a\u00a0\u00far Sk\u00f3lap\u00falsinum: 1. Ni\u00f0urst\u00f6\u00f0urnar eru \u00e1rei\u00f0anlegar \u00fev\u00ed \u00fe\u00e6r eru bygg\u00f0ar \u00e1 s\u00edu\u00f0um g\u00f6gnum \u00fear sem <span class=\"readmore\"><a href=\"https:\/\/skolapulsinn.is\/um\/?page_id=460\">Lesa meira<\/a><\/span><\/p>\n","protected":false},"author":1,"featured_media":0,"parent":98,"menu_order":6,"comment_status":"closed","ping_status":"closed","template":"","meta":{"footnotes":""},"class_list":["post-460","page","type-page","status-publish","hentry"],"_links":{"self":[{"href":"https:\/\/skolapulsinn.is\/um\/index.php?rest_route=\/wp\/v2\/pages\/460","targetHints":{"allow":["GET"]}}],"collection":[{"href":"https:\/\/skolapulsinn.is\/um\/index.php?rest_route=\/wp\/v2\/pages"}],"about":[{"href":"https:\/\/skolapulsinn.is\/um\/index.php?rest_route=\/wp\/v2\/types\/page"}],"author":[{"embeddable":true,"href":"https:\/\/skolapulsinn.is\/um\/index.php?rest_route=\/wp\/v2\/users\/1"}],"replies":[{"embeddable":true,"href":"https:\/\/skolapulsinn.is\/um\/index.php?rest_route=%2Fwp%2Fv2%2Fcomments&post=460"}],"version-history":[{"count":7,"href":"https:\/\/skolapulsinn.is\/um\/index.php?rest_route=\/wp\/v2\/pages\/460\/revisions"}],"predecessor-version":[{"id":1893,"href":"https:\/\/skolapulsinn.is\/um\/index.php?rest_route=\/wp\/v2\/pages\/460\/revisions\/1893"}],"up":[{"embeddable":true,"href":"https:\/\/skolapulsinn.is\/um\/index.php?rest_route=\/wp\/v2\/pages\/98"}],"wp:attachment":[{"href":"https:\/\/skolapulsinn.is\/um\/index.php?rest_route=%2Fwp%2Fv2%2Fmedia&parent=460"}],"curies":[{"name":"wp","href":"https:\/\/api.w.org\/{rel}","templated":true}]}}