{"id":876,"date":"2011-07-19T12:01:50","date_gmt":"2011-07-19T12:01:50","guid":{"rendered":"http:\/\/skolapulsinn.is\/um\/?page_id=876"},"modified":"2025-07-28T17:13:59","modified_gmt":"2025-07-28T17:13:59","slug":"tilvitnanir","status":"publish","type":"page","link":"https:\/\/skolapulsinn.is\/um\/?page_id=876","title":{"rendered":"Tilvitnanir"},"content":{"rendered":"<p>\u00c1 \u00feessari s\u00ed\u00f0u er safna\u00f0 tilvitnunum fr\u00e1 notendum Sk\u00f3lap\u00falsins. Ef \u00fe\u00fa ert me\u00f0 tilvitnun sem \u00fe\u00fa vilt f\u00e1 birta h\u00e9r vinsamlega sendu \u00fe\u00e1 p\u00f3st \u00e1 <a title=\"Sk\u00f3lap\u00falsinn\" href=\"mailto:skolapulsinn@skolapulsinn.is\">skolapulsinn@skolapulsinn.is<\/a>.<\/p>\n<p><em>\u201e\u00c9g tel \u00feessar starfsmanna- og foreldrakannanir mun betri \u00ed alla sta\u00f0i en \u00fea\u00f0 sem \u00e9g hef \u00e1\u00f0ur teki\u00f0 \u00fe\u00e1tt \u00ed, s\u00e9rstaklega leiksk\u00f3lak\u00f6nnunin.\u201c<\/em><br \/>\n\u00der\u00fa\u00f0ur Hjelm, sk\u00f3lastj\u00f3ri Krikask\u00f3la<\/p>\n<p><em>\u201eNi\u00f0urst\u00f6\u00f0urnar \u00far kerfinu koma vel heim og saman vi\u00f0 tilfinningu kennaranna.\u201c<br \/>\n<\/em>J\u00f3n P\u00e1ll Haraldsson, a\u00f0sto\u00f0arsk\u00f3lastj\u00f3ri Laugal\u00e6kjarsk\u00f3la<\/p>\n<p><em>\u201eM\u00e6likvar\u00f0arnir \u00ed Sk\u00f3lap\u00falsinum hafa n\u00e1\u00f0 a\u00f0 fanga mj\u00f6g mikilv\u00e6ga \u00fe\u00e6tti \u00ed sk\u00f3lastarfinu.\u201c<\/em><br \/>\nSif V\u00edg\u00fe\u00f3rsd\u00f3ttir, sk\u00f3lastj\u00f3ri Nor\u00f0lingask\u00f3la<\/p>\n<p><em>\u201eSamanbur\u00f0ur vi\u00f0 a\u00f0ra sk\u00f3la hefur veri\u00f0 mj\u00f6g gagnlegur vi\u00f0 stefnum\u00f3tun \u00ed sk\u00f3lastarfinu.\u201c<\/em><br \/>\n\u00d3l\u00edna \u00deorleifsd\u00f3ttir, a\u00f0sto\u00f0arsk\u00f3lastj\u00f3ri K\u00f3pavogssk\u00f3la<\/p>\n<p><em>\u201eMe\u00f0 notkun Sk\u00f3lap\u00falsins hefur sj\u00e1lfsmati\u00f0 b\u00e6\u00f0i or\u00f0i\u00f0 einfaldara og markvissara.\u201c <\/em><br \/>\nMar\u00eda P\u00e1lmad\u00f3ttir, sk\u00f3lastj\u00f3ri Setbergssk\u00f3la<\/p>\n<p><em>\u201eM\u00e6lingar \u00e1 einelti me\u00f0 notkun Sk\u00f3lap\u00falsins voru mj\u00f6g gagnlegar \u00feegar hart var s\u00f3tt a\u00f0 sk\u00f3lanum m.a. af fj\u00f6lmi\u00f0lum.\u201c<\/em><br \/>\nYngvi Hagal\u00ednsson og Sigurlaug Hrund Svavarsd\u00f3ttir, stj\u00f3rnendur Hamrask\u00f3la<\/p>\n<p><em>\u201eM\u00e6lingar \u00e1 aga \u00ed t\u00edmum ur\u00f0u til \u00feess a\u00f0 vi\u00f0 ger\u00f0um breytingar \u00e1 skipulagi kennslunnar og g\u00e1tum sannreynt \u00e1rangurinn.\u201c<\/em><br \/>\n\u00de\u00f3ranna R\u00f3sa \u00d3lafsd\u00f3ttir og \u00de\u00f3rhildur Elfarsd\u00f3ttir, sk\u00f3last\u00fdrur Varm\u00e1rsk\u00f3la<\/p>\n<p><em>\u201e\u00cd Sk\u00f3lap\u00falsinum tala nemendur \u00ed 6. til 10. bekk fr\u00e1 hjartanu\u201c.<\/em><br \/>\n\u00c1sgeir Beinteinsson, sk\u00f3lastj\u00f3ri H\u00e1teigssk\u00f3la<\/p>\n<div>\n<p><i>\u201eNi\u00f0urst\u00f6\u00f0ur \u00ed kerfinu eru settar fram \u00e1 sk\u00fdran h\u00e1tt. Kerfi\u00f0 er einfalt \u00ed notkun og mj\u00f6g gagnlegt.&#8220;<br \/>\n<\/i>Brynd\u00eds J\u00f3na J\u00f3nsd\u00f3ttir, mannau\u00f0sstj\u00f3ri Flensborgarsk\u00f3lans<\/p>\n<p><i>\u201eM\u00e1na\u00f0arlegar m\u00e6lingar hafa reynst mj\u00f6g gagnlegar vi\u00f0 a\u00f0 greina breytingar \u00e1 l\u00ed\u00f0an innan sk\u00f3la\u00e1rsins&#8220;.<br \/>\n<\/i>\u00d3mar \u00d6rn Magn\u00fasson, a\u00f0sto\u00f0arsk\u00f3lastj\u00f3ri Hagask\u00f3la<\/p>\n<p><i>\u201eM\u00e9r finnst val \u00feeirra atri\u00f0a sem m\u00e6ld eru vera einstaklega gott og n\u00fdtast vel&#8220;.<br \/>\n<\/i>Ingibj\u00f6rg \u00d3sk Sigur\u00f0ard\u00f3ttir, mannau\u00f0sstj\u00f3ri Sj\u00e1landi<\/p>\n<p><em>\u201eSamantektin \u00e1 ni\u00f0urst\u00f6\u00f0um samr\u00e6mdra pr\u00f3fa hefur n\u00fdst okkur mj\u00f6g vel.\u201c<\/em><br \/>\nLinda Hr\u00f6nn Helgad\u00f3ttir, deildarstj\u00f3ri Hraunvallask\u00f3la<\/p>\n<\/div>\n<p><!--:--><\/p>\n","protected":false},"excerpt":{"rendered":"<p>\u00c1 \u00feessari s\u00ed\u00f0u er safna\u00f0 tilvitnunum fr\u00e1 notendum Sk\u00f3lap\u00falsins. Ef \u00fe\u00fa ert me\u00f0 tilvitnun sem \u00fe\u00fa vilt f\u00e1 birta h\u00e9r vinsamlega sendu \u00fe\u00e1 p\u00f3st \u00e1 skolapulsinn@skolapulsinn.is. \u201e\u00c9g tel \u00feessar starfsmanna- og foreldrakannanir mun betri \u00ed alla sta\u00f0i en \u00fea\u00f0 sem <span class=\"readmore\"><a href=\"https:\/\/skolapulsinn.is\/um\/?page_id=876\">Lesa meira<\/a><\/span><\/p>\n","protected":false},"author":1,"featured_media":0,"parent":98,"menu_order":6,"comment_status":"closed","ping_status":"open","template":"","meta":{"footnotes":""},"class_list":["post-876","page","type-page","status-publish","hentry"],"_links":{"self":[{"href":"https:\/\/skolapulsinn.is\/um\/index.php?rest_route=\/wp\/v2\/pages\/876","targetHints":{"allow":["GET"]}}],"collection":[{"href":"https:\/\/skolapulsinn.is\/um\/index.php?rest_route=\/wp\/v2\/pages"}],"about":[{"href":"https:\/\/skolapulsinn.is\/um\/index.php?rest_route=\/wp\/v2\/types\/page"}],"author":[{"embeddable":true,"href":"https:\/\/skolapulsinn.is\/um\/index.php?rest_route=\/wp\/v2\/users\/1"}],"replies":[{"embeddable":true,"href":"https:\/\/skolapulsinn.is\/um\/index.php?rest_route=%2Fwp%2Fv2%2Fcomments&post=876"}],"version-history":[{"count":9,"href":"https:\/\/skolapulsinn.is\/um\/index.php?rest_route=\/wp\/v2\/pages\/876\/revisions"}],"predecessor-version":[{"id":3146,"href":"https:\/\/skolapulsinn.is\/um\/index.php?rest_route=\/wp\/v2\/pages\/876\/revisions\/3146"}],"up":[{"embeddable":true,"href":"https:\/\/skolapulsinn.is\/um\/index.php?rest_route=\/wp\/v2\/pages\/98"}],"wp:attachment":[{"href":"https:\/\/skolapulsinn.is\/um\/index.php?rest_route=%2Fwp%2Fv2%2Fmedia&parent=876"}],"curies":[{"name":"wp","href":"https:\/\/api.w.org\/{rel}","templated":true}]}}