{"id":98,"date":"2009-06-28T19:59:48","date_gmt":"2009-06-28T19:59:48","guid":{"rendered":"http:\/\/skolapulsinn.is\/um\/?page_id=98"},"modified":"2025-07-28T17:13:59","modified_gmt":"2025-07-28T17:13:59","slug":"um-vefkerfid","status":"publish","type":"page","link":"https:\/\/skolapulsinn.is\/um\/?page_id=98","title":{"rendered":"Um vefkerfi\u00f0"},"content":{"rendered":"<p>\u00d6ll b\u00f6rn eiga r\u00e9tt \u00e1 menntun \u00ed g\u00f3\u00f0u sk\u00f3laumhverfi (sj\u00e1 <a href=\"https:\/\/barnasattmali.is\">https:\/\/barnasattmali.is<\/a>). Vi\u00f0 tr\u00faum \u00fev\u00ed a\u00f0 n\u00e1msmat \u00ed formi h\u00e1rra einkunna s\u00e9 ekki eini m\u00e6likvar\u00f0inn \u00e1 gott sk\u00f3lastarf. \u00deess vegna h\u00f6fum vi\u00f0 \u00fer\u00f3a\u00f0 Sk\u00f3lap\u00falsinn.<\/p>\n<p>Sk\u00f3lap\u00falsinn er uppl\u00fdsingakerfi sem veitir sk\u00f3lastj\u00f3rnendum st\u00f6\u00f0ugan a\u00f0gang a\u00f0 n\u00fdjum uppl\u00fdsingum sem afla\u00f0 er um \u00fe\u00e6tti sem tengjast virkni nemenda og l\u00ed\u00f0an \u00feeirra \u00ed sk\u00f3lanum og um sk\u00f3la- og bekkjaranda.\u00a0 Ni\u00f0urst\u00f6\u00f0ur um st\u00f6\u00f0u nemenda \u00ed 6.-10. bekk eru bornar saman vi\u00f0 ni\u00f0urst\u00f6\u00f0ur fyrri m\u00e6linga \u00ed sk\u00f3lanum og vi\u00f0 landsme\u00f0altal sem gefur sk\u00fdrar v\u00edsbendingar um \u00fer\u00f3un m\u00e1la \u00ed sk\u00f3lanum og st\u00f6\u00f0u nemenda \u00ed sk\u00f3lanum mi\u00f0a\u00f0 vi\u00f0 nemendur \u00ed \u00f6\u00f0rum sk\u00f3lum \u00ed landinu. Val \u00e1 m\u00e6lit\u00e6kjum og forritun vefvi\u00f0m\u00f3ts h\u00f3fst \u00ed byrjun \u00e1rs 2008 og forpr\u00f3fanir f\u00f3ru fram \u00ed apr\u00edl og ma\u00ed \u00fea\u00f0 \u00e1r. Sk\u00f3la\u00e1ri\u00f0 2008-2009 var fyrsta \u00e1r Sk\u00f3lap\u00falsins \u00ed notkun. Sj\u00e1lfkrafa er skili\u00f0 \u00e1 milli nafns nemanda og svara \u00feegar nemandi hefur sv\u00f6run spurningalistans. \u00dev\u00ed er engin lei\u00f0 a\u00f0 rekja sv\u00f6rin aftur til vi\u00f0komandi einstaklings e\u00f0a tengja sv\u00f6r einstaklinga \u00e1 milli sk\u00f3la\u00e1ra. Innihald spurningalistans er endursko\u00f0a\u00f0 af notendum kerfisins \u00e1 \u00e1rlegum samr\u00e1\u00f0sfundi sem haldinn er \u00ed lok hvers sk\u00f3la\u00e1rs. Endursko\u00f0unin tekur mi\u00f0 af breyttum \u00e1herslum \u00ed sk\u00f3lastarfi, \u00fer\u00f3un tungum\u00e1lsins og n\u00fdlegum ranns\u00f3knarni\u00f0urst\u00f6\u00f0um. Sk\u00f3larnir nota uppl\u00fdsingakerfi\u00f0 til a\u00f0 uppfylla l\u00f6g um innra mat sk\u00f3la \u00fear sem kve\u00f0i\u00f0 er \u00e1 um kerfisbundna uppl\u00fdsingas\u00f6fnun fr\u00e1 nemendum, foreldrum og starfsf\u00f3lk til mats \u00e1 g\u00e6\u00f0um sk\u00f3lastarfs. Sk\u00f3lastj\u00f3rnendur hafa jafnframt veitt leyfi til a\u00f0 heildart\u00f6lur \u00far uppl\u00fdsingakerfinu s\u00e9u nota\u00f0ar \u00ed fr\u00e6\u00f0ilegum tilgangi svo lengi sem nafnleynd sk\u00f3la s\u00e9 trygg\u00f0.<\/p>\n<p><!--:--><\/p>\n","protected":false},"excerpt":{"rendered":"<p>\u00d6ll b\u00f6rn eiga r\u00e9tt \u00e1 menntun \u00ed g\u00f3\u00f0u sk\u00f3laumhverfi (sj\u00e1 https:\/\/barnasattmali.is). Vi\u00f0 tr\u00faum \u00fev\u00ed a\u00f0 n\u00e1msmat \u00ed formi h\u00e1rra einkunna s\u00e9 ekki eini m\u00e6likvar\u00f0inn \u00e1 gott sk\u00f3lastarf. \u00deess vegna h\u00f6fum vi\u00f0 \u00fer\u00f3a\u00f0 Sk\u00f3lap\u00falsinn. Sk\u00f3lap\u00falsinn er uppl\u00fdsingakerfi sem veitir sk\u00f3lastj\u00f3rnendum st\u00f6\u00f0ugan <span class=\"readmore\"><a href=\"https:\/\/skolapulsinn.is\/um\/?page_id=98\">Lesa meira<\/a><\/span><\/p>\n","protected":false},"author":1,"featured_media":0,"parent":0,"menu_order":-1,"comment_status":"closed","ping_status":"closed","template":"","meta":{"footnotes":""},"class_list":["post-98","page","type-page","status-publish","hentry"],"_links":{"self":[{"href":"https:\/\/skolapulsinn.is\/um\/index.php?rest_route=\/wp\/v2\/pages\/98","targetHints":{"allow":["GET"]}}],"collection":[{"href":"https:\/\/skolapulsinn.is\/um\/index.php?rest_route=\/wp\/v2\/pages"}],"about":[{"href":"https:\/\/skolapulsinn.is\/um\/index.php?rest_route=\/wp\/v2\/types\/page"}],"author":[{"embeddable":true,"href":"https:\/\/skolapulsinn.is\/um\/index.php?rest_route=\/wp\/v2\/users\/1"}],"replies":[{"embeddable":true,"href":"https:\/\/skolapulsinn.is\/um\/index.php?rest_route=%2Fwp%2Fv2%2Fcomments&post=98"}],"version-history":[{"count":7,"href":"https:\/\/skolapulsinn.is\/um\/index.php?rest_route=\/wp\/v2\/pages\/98\/revisions"}],"predecessor-version":[{"id":3480,"href":"https:\/\/skolapulsinn.is\/um\/index.php?rest_route=\/wp\/v2\/pages\/98\/revisions\/3480"}],"wp:attachment":[{"href":"https:\/\/skolapulsinn.is\/um\/index.php?rest_route=%2Fwp%2Fv2%2Fmedia&parent=98"}],"curies":[{"name":"wp","href":"https:\/\/api.w.org\/{rel}","templated":true}]}}